{"id":28,"date":"2022-11-07T13:49:23","date_gmt":"2022-11-07T12:49:23","guid":{"rendered":"http:\/\/172.20.10.5\/wordpress\/?page_id=28"},"modified":"2024-05-28T10:29:21","modified_gmt":"2024-05-28T08:29:21","slug":"veille-technologique","status":"publish","type":"page","link":"https:\/\/akresser.aristeecampus.org\/index.php\/veille-technologique\/","title":{"rendered":"Veille technologique"},"content":{"rendered":"\n<p class=\"has-large-font-size\">Voici ma premi\u00e8re veille technologique : Le Cloud Computing<\/p>\n\n\n\n<figure class=\"wp-block-image size-full\"><img decoding=\"async\" loading=\"lazy\" width=\"960\" height=\"540\" src=\"https:\/\/akresser.aristeecampus.org\/wp-content\/uploads\/2023\/04\/Veille-technologique_-Le-cloud-computing-diapo-1-2.png\" alt=\"\" class=\"wp-image-230\" srcset=\"https:\/\/akresser.aristeecampus.org\/wp-content\/uploads\/2023\/04\/Veille-technologique_-Le-cloud-computing-diapo-1-2.png 960w, https:\/\/akresser.aristeecampus.org\/wp-content\/uploads\/2023\/04\/Veille-technologique_-Le-cloud-computing-diapo-1-2-300x169.png 300w, https:\/\/akresser.aristeecampus.org\/wp-content\/uploads\/2023\/04\/Veille-technologique_-Le-cloud-computing-diapo-1-2-768x432.png 768w, https:\/\/akresser.aristeecampus.org\/wp-content\/uploads\/2023\/04\/Veille-technologique_-Le-cloud-computing-diapo-1-2-100x56.png 100w, https:\/\/akresser.aristeecampus.org\/wp-content\/uploads\/2023\/04\/Veille-technologique_-Le-cloud-computing-diapo-1-2-150x84.png 150w, https:\/\/akresser.aristeecampus.org\/wp-content\/uploads\/2023\/04\/Veille-technologique_-Le-cloud-computing-diapo-1-2-200x113.png 200w, https:\/\/akresser.aristeecampus.org\/wp-content\/uploads\/2023\/04\/Veille-technologique_-Le-cloud-computing-diapo-1-2-450x253.png 450w, https:\/\/akresser.aristeecampus.org\/wp-content\/uploads\/2023\/04\/Veille-technologique_-Le-cloud-computing-diapo-1-2-600x338.png 600w, https:\/\/akresser.aristeecampus.org\/wp-content\/uploads\/2023\/04\/Veille-technologique_-Le-cloud-computing-diapo-1-2-900x506.png 900w\" sizes=\"(max-width: 960px) 100vw, 960px\" \/><\/figure>\n\n\n\n<figure class=\"wp-block-image size-full\"><img decoding=\"async\" loading=\"lazy\" width=\"960\" height=\"540\" src=\"https:\/\/akresser.aristeecampus.org\/wp-content\/uploads\/2023\/04\/Veille-technologique_-Le-cloud-computing-diapo-2.png\" alt=\"\" class=\"wp-image-231\" srcset=\"https:\/\/akresser.aristeecampus.org\/wp-content\/uploads\/2023\/04\/Veille-technologique_-Le-cloud-computing-diapo-2.png 960w, https:\/\/akresser.aristeecampus.org\/wp-content\/uploads\/2023\/04\/Veille-technologique_-Le-cloud-computing-diapo-2-300x169.png 300w, https:\/\/akresser.aristeecampus.org\/wp-content\/uploads\/2023\/04\/Veille-technologique_-Le-cloud-computing-diapo-2-768x432.png 768w, https:\/\/akresser.aristeecampus.org\/wp-content\/uploads\/2023\/04\/Veille-technologique_-Le-cloud-computing-diapo-2-100x56.png 100w, https:\/\/akresser.aristeecampus.org\/wp-content\/uploads\/2023\/04\/Veille-technologique_-Le-cloud-computing-diapo-2-150x84.png 150w, https:\/\/akresser.aristeecampus.org\/wp-content\/uploads\/2023\/04\/Veille-technologique_-Le-cloud-computing-diapo-2-200x113.png 200w, https:\/\/akresser.aristeecampus.org\/wp-content\/uploads\/2023\/04\/Veille-technologique_-Le-cloud-computing-diapo-2-450x253.png 450w, https:\/\/akresser.aristeecampus.org\/wp-content\/uploads\/2023\/04\/Veille-technologique_-Le-cloud-computing-diapo-2-600x338.png 600w, https:\/\/akresser.aristeecampus.org\/wp-content\/uploads\/2023\/04\/Veille-technologique_-Le-cloud-computing-diapo-2-900x506.png 900w\" sizes=\"(max-width: 960px) 100vw, 960px\" \/><\/figure>\n\n\n\n<figure class=\"wp-block-image size-full\"><img decoding=\"async\" loading=\"lazy\" width=\"960\" height=\"540\" src=\"https:\/\/akresser.aristeecampus.org\/wp-content\/uploads\/2023\/04\/Veille-technologique_-Le-cloud-computing-diapo-3.png\" alt=\"\" class=\"wp-image-232\" srcset=\"https:\/\/akresser.aristeecampus.org\/wp-content\/uploads\/2023\/04\/Veille-technologique_-Le-cloud-computing-diapo-3.png 960w, https:\/\/akresser.aristeecampus.org\/wp-content\/uploads\/2023\/04\/Veille-technologique_-Le-cloud-computing-diapo-3-300x169.png 300w, https:\/\/akresser.aristeecampus.org\/wp-content\/uploads\/2023\/04\/Veille-technologique_-Le-cloud-computing-diapo-3-768x432.png 768w, https:\/\/akresser.aristeecampus.org\/wp-content\/uploads\/2023\/04\/Veille-technologique_-Le-cloud-computing-diapo-3-100x56.png 100w, https:\/\/akresser.aristeecampus.org\/wp-content\/uploads\/2023\/04\/Veille-technologique_-Le-cloud-computing-diapo-3-150x84.png 150w, https:\/\/akresser.aristeecampus.org\/wp-content\/uploads\/2023\/04\/Veille-technologique_-Le-cloud-computing-diapo-3-200x113.png 200w, https:\/\/akresser.aristeecampus.org\/wp-content\/uploads\/2023\/04\/Veille-technologique_-Le-cloud-computing-diapo-3-450x253.png 450w, https:\/\/akresser.aristeecampus.org\/wp-content\/uploads\/2023\/04\/Veille-technologique_-Le-cloud-computing-diapo-3-600x338.png 600w, https:\/\/akresser.aristeecampus.org\/wp-content\/uploads\/2023\/04\/Veille-technologique_-Le-cloud-computing-diapo-3-900x506.png 900w\" sizes=\"(max-width: 960px) 100vw, 960px\" \/><\/figure>\n\n\n\n<figure class=\"wp-block-image size-full\"><img decoding=\"async\" loading=\"lazy\" width=\"960\" height=\"540\" src=\"https:\/\/akresser.aristeecampus.org\/wp-content\/uploads\/2023\/04\/Veille-technologique_-Le-cloud-computing-diapo-4.png\" alt=\"\" class=\"wp-image-233\" srcset=\"https:\/\/akresser.aristeecampus.org\/wp-content\/uploads\/2023\/04\/Veille-technologique_-Le-cloud-computing-diapo-4.png 960w, https:\/\/akresser.aristeecampus.org\/wp-content\/uploads\/2023\/04\/Veille-technologique_-Le-cloud-computing-diapo-4-300x169.png 300w, https:\/\/akresser.aristeecampus.org\/wp-content\/uploads\/2023\/04\/Veille-technologique_-Le-cloud-computing-diapo-4-768x432.png 768w, https:\/\/akresser.aristeecampus.org\/wp-content\/uploads\/2023\/04\/Veille-technologique_-Le-cloud-computing-diapo-4-100x56.png 100w, https:\/\/akresser.aristeecampus.org\/wp-content\/uploads\/2023\/04\/Veille-technologique_-Le-cloud-computing-diapo-4-150x84.png 150w, https:\/\/akresser.aristeecampus.org\/wp-content\/uploads\/2023\/04\/Veille-technologique_-Le-cloud-computing-diapo-4-200x113.png 200w, https:\/\/akresser.aristeecampus.org\/wp-content\/uploads\/2023\/04\/Veille-technologique_-Le-cloud-computing-diapo-4-450x253.png 450w, https:\/\/akresser.aristeecampus.org\/wp-content\/uploads\/2023\/04\/Veille-technologique_-Le-cloud-computing-diapo-4-600x338.png 600w, https:\/\/akresser.aristeecampus.org\/wp-content\/uploads\/2023\/04\/Veille-technologique_-Le-cloud-computing-diapo-4-900x506.png 900w\" sizes=\"(max-width: 960px) 100vw, 960px\" \/><\/figure>\n\n\n\n<figure class=\"wp-block-image size-full\"><img decoding=\"async\" loading=\"lazy\" width=\"960\" height=\"540\" src=\"https:\/\/akresser.aristeecampus.org\/wp-content\/uploads\/2023\/04\/Veille-technologique_-Le-cloud-computing-diapo-8.png\" alt=\"\" class=\"wp-image-235\" srcset=\"https:\/\/akresser.aristeecampus.org\/wp-content\/uploads\/2023\/04\/Veille-technologique_-Le-cloud-computing-diapo-8.png 960w, https:\/\/akresser.aristeecampus.org\/wp-content\/uploads\/2023\/04\/Veille-technologique_-Le-cloud-computing-diapo-8-300x169.png 300w, https:\/\/akresser.aristeecampus.org\/wp-content\/uploads\/2023\/04\/Veille-technologique_-Le-cloud-computing-diapo-8-768x432.png 768w, https:\/\/akresser.aristeecampus.org\/wp-content\/uploads\/2023\/04\/Veille-technologique_-Le-cloud-computing-diapo-8-100x56.png 100w, https:\/\/akresser.aristeecampus.org\/wp-content\/uploads\/2023\/04\/Veille-technologique_-Le-cloud-computing-diapo-8-150x84.png 150w, https:\/\/akresser.aristeecampus.org\/wp-content\/uploads\/2023\/04\/Veille-technologique_-Le-cloud-computing-diapo-8-200x113.png 200w, https:\/\/akresser.aristeecampus.org\/wp-content\/uploads\/2023\/04\/Veille-technologique_-Le-cloud-computing-diapo-8-450x253.png 450w, https:\/\/akresser.aristeecampus.org\/wp-content\/uploads\/2023\/04\/Veille-technologique_-Le-cloud-computing-diapo-8-600x338.png 600w, https:\/\/akresser.aristeecampus.org\/wp-content\/uploads\/2023\/04\/Veille-technologique_-Le-cloud-computing-diapo-8-900x506.png 900w\" sizes=\"(max-width: 960px) 100vw, 960px\" \/><\/figure>\n\n\n\n<figure class=\"wp-block-image size-full\"><img decoding=\"async\" loading=\"lazy\" width=\"960\" height=\"540\" src=\"https:\/\/akresser.aristeecampus.org\/wp-content\/uploads\/2023\/04\/Veille-technologique_-Le-cloud-computing-diapo-9.png\" alt=\"\" class=\"wp-image-236\" srcset=\"https:\/\/akresser.aristeecampus.org\/wp-content\/uploads\/2023\/04\/Veille-technologique_-Le-cloud-computing-diapo-9.png 960w, https:\/\/akresser.aristeecampus.org\/wp-content\/uploads\/2023\/04\/Veille-technologique_-Le-cloud-computing-diapo-9-300x169.png 300w, https:\/\/akresser.aristeecampus.org\/wp-content\/uploads\/2023\/04\/Veille-technologique_-Le-cloud-computing-diapo-9-768x432.png 768w, https:\/\/akresser.aristeecampus.org\/wp-content\/uploads\/2023\/04\/Veille-technologique_-Le-cloud-computing-diapo-9-100x56.png 100w, https:\/\/akresser.aristeecampus.org\/wp-content\/uploads\/2023\/04\/Veille-technologique_-Le-cloud-computing-diapo-9-150x84.png 150w, https:\/\/akresser.aristeecampus.org\/wp-content\/uploads\/2023\/04\/Veille-technologique_-Le-cloud-computing-diapo-9-200x113.png 200w, https:\/\/akresser.aristeecampus.org\/wp-content\/uploads\/2023\/04\/Veille-technologique_-Le-cloud-computing-diapo-9-450x253.png 450w, https:\/\/akresser.aristeecampus.org\/wp-content\/uploads\/2023\/04\/Veille-technologique_-Le-cloud-computing-diapo-9-600x338.png 600w, https:\/\/akresser.aristeecampus.org\/wp-content\/uploads\/2023\/04\/Veille-technologique_-Le-cloud-computing-diapo-9-900x506.png 900w\" sizes=\"(max-width: 960px) 100vw, 960px\" \/><\/figure>\n\n\n\n<p>Vous pouvez t\u00e9l\u00e9charger ma veille technologique sur le Cloud Computing en version \u00e9crite et en diaporama<\/p>\n\n\n\n<div class=\"wp-block-buttons is-layout-flex\">\n<div class=\"wp-block-button\"><a class=\"wp-block-button__link wp-element-button\" href=\"https:\/\/docs.google.com\/presentation\/d\/1o7mGXJvPnxRME1Uc74cl5-yHEdxCrIrZuBESGqD716o\/edit?usp=share_link\" target=\"_blank\" rel=\"noreferrer noopener\">Diaporama<\/a><\/div>\n\n\n\n<div class=\"wp-block-button\"><a class=\"wp-block-button__link wp-element-button\" href=\"https:\/\/docs.google.com\/document\/d\/1z0SWBLA9ufKsg8G2boZxwT5ySCISppbHOF3hC8Vc7ZQ\/edit?usp=share_link\" target=\"_blank\" rel=\"noreferrer noopener\">Version texte uniquement<\/a><\/div>\n<\/div>\n\n\n\n<p><\/p>\n\n\n\n<p><\/p>\n\n\n\n<p class=\"has-button-hover-text-color-color has-text-color has-large-font-size\">Deuxi\u00e8me veille technologique : Les applications dop\u00e9es \u00e0 l&rsquo;IA<\/p>\n\n\n\n<p class=\"has-button-hover-text-color-color has-text-color has-large-font-size\">Introduction :<\/p>\n\n\n\n<p class=\"has-button-hover-text-color-color has-text-color has-large-font-size\">En tant qu&rsquo;\u00e9tudiant en Syst\u00e8mes Informatiques et R\u00e9seaux, il est essentiel de rester \u00e0 l&rsquo;aff\u00fbt des derni\u00e8res avanc\u00e9es technologiques. Parmi les tendances les plus marquantes, l&rsquo;int\u00e9gration de l&rsquo;intelligence artificielle (IA) dans les applications se r\u00e9v\u00e8le \u00eatre une r\u00e9volution majeure. Cette veille technologique se concentre sur les applications dop\u00e9es \u00e0 l&rsquo;IA et leur impact dans notre domaine d&rsquo;\u00e9tudes.<\/p>\n\n\n\n<p class=\"has-button-hover-text-color-color has-text-color has-large-font-size\">1. Les Fondements de l&rsquo;IA :<\/p>\n\n\n\n<p class=\"has-button-hover-text-color-color has-text-color has-large-font-size\">Le d\u00e9veloppement rapide de l&rsquo;IA a ouvert la voie \u00e0 des applications innovantes. Les syst\u00e8mes informatiques et r\u00e9seaux int\u00e8grent d\u00e9sormais des algorithmes d&rsquo;apprentissage automatique et des mod\u00e8les pr\u00e9dictifs pour am\u00e9liorer leurs performances. Comprendre les bases de l&rsquo;IA, tels que les r\u00e9seaux de neurones, est devenu essentiel pour les \u00e9tudiants en informatique.<\/p>\n\n\n\n<p class=\"has-button-hover-text-color-color has-text-color has-large-font-size\">2. S\u00e9curit\u00e9 des R\u00e9seaux et D\u00e9tection d&rsquo;Intrusion :<\/p>\n\n\n\n<p class=\"has-button-hover-text-color-color has-text-color has-large-font-size\">Les applications dop\u00e9es \u00e0 l&rsquo;IA jouent un r\u00f4le crucial dans la s\u00e9curit\u00e9 des r\u00e9seaux. Des syst\u00e8mes de d\u00e9tection d&rsquo;intrusion aliment\u00e9s par l&rsquo;IA sont capables d&rsquo;analyser rapidement les sch\u00e9mas de trafic, identifiant ainsi les comportements suspects et les attaques potentielles. Les \u00e9tudiants doivent se familiariser avec ces technologies pour renforcer la cybers\u00e9curit\u00e9.<\/p>\n\n\n\n<p class=\"has-button-hover-text-color-color has-text-color has-large-font-size\">3. Optimisation des Ressources R\u00e9seau :<\/p>\n\n\n\n<p class=\"has-button-hover-text-color-color has-text-color has-large-font-size\">L&rsquo;IA permet une gestion plus intelligente des ressources r\u00e9seau. Des algorithmes d&rsquo;auto-optimisation peuvent ajuster dynamiquement les param\u00e8tres du r\u00e9seau pour am\u00e9liorer l&rsquo;efficacit\u00e9 \u00e9nerg\u00e9tique, r\u00e9duire la latence et garantir une bande passante optimale. Cela offre des opportunit\u00e9s d&rsquo;exploration pour les futurs ing\u00e9nieurs r\u00e9seau.<\/p>\n\n\n\n<p class=\"has-button-hover-text-color-color has-text-color has-large-font-size\">4. Cloud Computing et IA :<\/p>\n\n\n\n<p class=\"has-button-hover-text-color-color has-text-color has-large-font-size\">L&rsquo;int\u00e9gration de l&rsquo;IA dans les services de cloud computing red\u00e9finit les paradigmes de calcul distribu\u00e9. Les \u00e9tudiants en Syst\u00e8mes Informatiques doivent se familiariser avec les plateformes qui offrent des services d&rsquo;IA en tant que composants int\u00e9gr\u00e9s du cloud, facilitant ainsi le d\u00e9veloppement d&rsquo;applications plus intelligentes et \u00e9volutives.<\/p>\n\n\n\n<p class=\"has-button-hover-text-color-color has-text-color has-large-font-size\">5. Gestion de la Performance des Applications :<\/p>\n\n\n\n<p class=\"has-button-hover-text-color-color has-text-color has-large-font-size\">Les applications dop\u00e9es \u00e0 l&rsquo;IA peuvent surveiller et optimiser en temps r\u00e9el leurs performances en fonction des habitudes d&rsquo;utilisation. Les \u00e9tudiants doivent se tenir au courant des outils et des techniques qui exploitent l&rsquo;IA pour am\u00e9liorer la gestion de la performance des applications, garantissant ainsi une exp\u00e9rience utilisateur optimale.<\/p>\n\n\n\n<p class=\"has-button-hover-text-color-color has-text-color has-large-font-size\">Conclusion :<\/p>\n\n\n\n<p class=\"has-button-hover-text-color-color has-text-color has-large-font-size\">En conclusion, les applications dop\u00e9es \u00e0 l&rsquo;IA transforment profond\u00e9ment le paysage des syst\u00e8mes informatiques et r\u00e9seaux. Les \u00e9tudiants en Syst\u00e8mes Informatiques doivent acqu\u00e9rir une compr\u00e9hension approfondie de ces technologies \u00e9mergentes pour rester comp\u00e9titifs sur le march\u00e9 du travail. La veille technologique constante et l&rsquo;adaptabilit\u00e9 sont les cl\u00e9s du succ\u00e8s dans ce domaine en constante \u00e9volution.<\/p>\n","protected":false},"excerpt":{"rendered":"<p>Voici ma premi\u00e8re veille technologique : Le Cloud Computing Vous pouvez t\u00e9l\u00e9charger ma veille technologique sur le Cloud Computing en version \u00e9crite et en diaporama Deuxi\u00e8me veille technologique : Les applications dop\u00e9es \u00e0 l&rsquo;IA Introduction : En tant qu&rsquo;\u00e9tudiant en &hellip;<\/p>\n<p class=\"read-more\"> <a class=\"more-link\" href=\"https:\/\/akresser.aristeecampus.org\/index.php\/veille-technologique\/\"> <span class=\"screen-reader-text\">Veille technologique<\/span> Read More &raquo;<\/a><\/p>\n","protected":false},"author":1,"featured_media":0,"parent":0,"menu_order":0,"comment_status":"closed","ping_status":"closed","template":"","meta":[],"yoast_head":"<!-- This site is optimized with the Yoast SEO plugin v20.10 - https:\/\/yoast.com\/wordpress\/plugins\/seo\/ -->\n<title>Veille technologique - Portfolio - Alexis Kresser<\/title>\n<meta name=\"robots\" content=\"index, follow, max-snippet:-1, max-image-preview:large, max-video-preview:-1\" \/>\n<link rel=\"canonical\" href=\"https:\/\/akresser.aristeecampus.org\/index.php\/veille-technologique\/\" \/>\n<meta property=\"og:locale\" content=\"fr_FR\" \/>\n<meta property=\"og:type\" content=\"article\" \/>\n<meta property=\"og:title\" content=\"Veille technologique - Portfolio - Alexis Kresser\" \/>\n<meta property=\"og:description\" content=\"Voici ma premi\u00e8re veille technologique : Le Cloud Computing Vous pouvez t\u00e9l\u00e9charger ma veille technologique sur le Cloud Computing en version \u00e9crite et en diaporama Deuxi\u00e8me veille technologique : Les applications dop\u00e9es \u00e0 l&rsquo;IA Introduction : En tant qu&rsquo;\u00e9tudiant en &hellip; Veille technologique Read More &raquo;\" \/>\n<meta property=\"og:url\" content=\"https:\/\/akresser.aristeecampus.org\/index.php\/veille-technologique\/\" \/>\n<meta property=\"og:site_name\" content=\"Portfolio - Alexis Kresser\" \/>\n<meta property=\"article:modified_time\" content=\"2024-05-28T08:29:21+00:00\" \/>\n<meta property=\"og:image\" content=\"https:\/\/akresser.aristeecampus.org\/wp-content\/uploads\/2023\/04\/Veille-technologique_-Le-cloud-computing-diapo-1-2.png\" \/>\n<meta name=\"twitter:card\" content=\"summary_large_image\" \/>\n<meta name=\"twitter:label1\" content=\"Dur\u00e9e de lecture estim\u00e9e\" \/>\n\t<meta name=\"twitter:data1\" content=\"4 minutes\" \/>\n<script type=\"application\/ld+json\" class=\"yoast-schema-graph\">{\"@context\":\"https:\/\/schema.org\",\"@graph\":[{\"@type\":\"WebPage\",\"@id\":\"https:\/\/akresser.aristeecampus.org\/index.php\/veille-technologique\/\",\"url\":\"https:\/\/akresser.aristeecampus.org\/index.php\/veille-technologique\/\",\"name\":\"Veille technologique - Portfolio - Alexis Kresser\",\"isPartOf\":{\"@id\":\"https:\/\/akresser.aristeecampus.org\/#website\"},\"datePublished\":\"2022-11-07T12:49:23+00:00\",\"dateModified\":\"2024-05-28T08:29:21+00:00\",\"breadcrumb\":{\"@id\":\"https:\/\/akresser.aristeecampus.org\/index.php\/veille-technologique\/#breadcrumb\"},\"inLanguage\":\"fr-FR\",\"potentialAction\":[{\"@type\":\"ReadAction\",\"target\":[\"https:\/\/akresser.aristeecampus.org\/index.php\/veille-technologique\/\"]}]},{\"@type\":\"BreadcrumbList\",\"@id\":\"https:\/\/akresser.aristeecampus.org\/index.php\/veille-technologique\/#breadcrumb\",\"itemListElement\":[{\"@type\":\"ListItem\",\"position\":1,\"name\":\"Accueil\",\"item\":\"https:\/\/akresser.aristeecampus.org\/\"},{\"@type\":\"ListItem\",\"position\":2,\"name\":\"Veille technologique\"}]},{\"@type\":\"WebSite\",\"@id\":\"https:\/\/akresser.aristeecampus.org\/#website\",\"url\":\"https:\/\/akresser.aristeecampus.org\/\",\"name\":\"Portfolio - Alexis Kresser\",\"description\":\"Un site qui r\u00e9sume mon BTS Sio \",\"potentialAction\":[{\"@type\":\"SearchAction\",\"target\":{\"@type\":\"EntryPoint\",\"urlTemplate\":\"https:\/\/akresser.aristeecampus.org\/?s={search_term_string}\"},\"query-input\":\"required name=search_term_string\"}],\"inLanguage\":\"fr-FR\"}]}<\/script>\n<!-- \/ Yoast SEO plugin. -->","yoast_head_json":{"title":"Veille technologique - Portfolio - Alexis Kresser","robots":{"index":"index","follow":"follow","max-snippet":"max-snippet:-1","max-image-preview":"max-image-preview:large","max-video-preview":"max-video-preview:-1"},"canonical":"https:\/\/akresser.aristeecampus.org\/index.php\/veille-technologique\/","og_locale":"fr_FR","og_type":"article","og_title":"Veille technologique - Portfolio - Alexis Kresser","og_description":"Voici ma premi\u00e8re veille technologique : Le Cloud Computing Vous pouvez t\u00e9l\u00e9charger ma veille technologique sur le Cloud Computing en version \u00e9crite et en diaporama Deuxi\u00e8me veille technologique : Les applications dop\u00e9es \u00e0 l&rsquo;IA Introduction : En tant qu&rsquo;\u00e9tudiant en &hellip; Veille technologique Read More &raquo;","og_url":"https:\/\/akresser.aristeecampus.org\/index.php\/veille-technologique\/","og_site_name":"Portfolio - Alexis Kresser","article_modified_time":"2024-05-28T08:29:21+00:00","og_image":[{"url":"https:\/\/akresser.aristeecampus.org\/wp-content\/uploads\/2023\/04\/Veille-technologique_-Le-cloud-computing-diapo-1-2.png"}],"twitter_card":"summary_large_image","twitter_misc":{"Dur\u00e9e de lecture estim\u00e9e":"4 minutes"},"schema":{"@context":"https:\/\/schema.org","@graph":[{"@type":"WebPage","@id":"https:\/\/akresser.aristeecampus.org\/index.php\/veille-technologique\/","url":"https:\/\/akresser.aristeecampus.org\/index.php\/veille-technologique\/","name":"Veille technologique - Portfolio - Alexis Kresser","isPartOf":{"@id":"https:\/\/akresser.aristeecampus.org\/#website"},"datePublished":"2022-11-07T12:49:23+00:00","dateModified":"2024-05-28T08:29:21+00:00","breadcrumb":{"@id":"https:\/\/akresser.aristeecampus.org\/index.php\/veille-technologique\/#breadcrumb"},"inLanguage":"fr-FR","potentialAction":[{"@type":"ReadAction","target":["https:\/\/akresser.aristeecampus.org\/index.php\/veille-technologique\/"]}]},{"@type":"BreadcrumbList","@id":"https:\/\/akresser.aristeecampus.org\/index.php\/veille-technologique\/#breadcrumb","itemListElement":[{"@type":"ListItem","position":1,"name":"Accueil","item":"https:\/\/akresser.aristeecampus.org\/"},{"@type":"ListItem","position":2,"name":"Veille technologique"}]},{"@type":"WebSite","@id":"https:\/\/akresser.aristeecampus.org\/#website","url":"https:\/\/akresser.aristeecampus.org\/","name":"Portfolio - Alexis Kresser","description":"Un site qui r\u00e9sume mon BTS Sio ","potentialAction":[{"@type":"SearchAction","target":{"@type":"EntryPoint","urlTemplate":"https:\/\/akresser.aristeecampus.org\/?s={search_term_string}"},"query-input":"required name=search_term_string"}],"inLanguage":"fr-FR"}]}},"_links":{"self":[{"href":"https:\/\/akresser.aristeecampus.org\/index.php\/wp-json\/wp\/v2\/pages\/28"}],"collection":[{"href":"https:\/\/akresser.aristeecampus.org\/index.php\/wp-json\/wp\/v2\/pages"}],"about":[{"href":"https:\/\/akresser.aristeecampus.org\/index.php\/wp-json\/wp\/v2\/types\/page"}],"author":[{"embeddable":true,"href":"https:\/\/akresser.aristeecampus.org\/index.php\/wp-json\/wp\/v2\/users\/1"}],"replies":[{"embeddable":true,"href":"https:\/\/akresser.aristeecampus.org\/index.php\/wp-json\/wp\/v2\/comments?post=28"}],"version-history":[{"count":16,"href":"https:\/\/akresser.aristeecampus.org\/index.php\/wp-json\/wp\/v2\/pages\/28\/revisions"}],"predecessor-version":[{"id":743,"href":"https:\/\/akresser.aristeecampus.org\/index.php\/wp-json\/wp\/v2\/pages\/28\/revisions\/743"}],"wp:attachment":[{"href":"https:\/\/akresser.aristeecampus.org\/index.php\/wp-json\/wp\/v2\/media?parent=28"}],"curies":[{"name":"wp","href":"https:\/\/api.w.org\/{rel}","templated":true}]}}