{"id":477,"date":"2023-09-04T11:32:49","date_gmt":"2023-09-04T09:32:49","guid":{"rendered":"https:\/\/akresser.aristeecampus.org\/?page_id=477"},"modified":"2024-03-05T09:21:14","modified_gmt":"2024-03-05T08:21:14","slug":"477-2","status":"publish","type":"page","link":"https:\/\/akresser.aristeecampus.org\/index.php\/477-2\/","title":{"rendered":"contact"},"content":{"rendered":"\n<h1 class=\"wp-block-heading has-button-color-color has-text-color has-background has-larger-font-size\" style=\"background-color:#036eb6\">FICHE CONTACT : KRESSER ALEXIS<\/h1>\n\n\n\n<pre class=\"wp-block-preformatted has-button-color-color has-button-hover-text-color-background-color has-text-color has-background has-large-font-size\">email: alexiskresser2802@gmail.com\n\nnum\u00e9ro t\u00e9l: 07 82 99 27 47\n\nLieu de r\u00e9sidence : Saint-Cyr-Sur-Mer<\/pre>\n\n\n\n<p><\/p>\n\n\n\n<p><\/p>\n\n\n\n<p><\/p>\n\n\n\n<p><\/p>\n\n\n\n<h2 class=\"wp-block-heading has-button-color-color has-text-color has-background has-larger-font-size\" style=\"background-color:#036eb6\">FORMULAIRE DE PRISE DE CONTACT<\/h2>\n\n\n<style id=\"wpforms-css-vars-root\">\n\t\t\t\t:root {\n\t\t\t\t\t--wpforms-field-border-radius: 3px;\n--wpforms-field-background-color: #ffffff;\n--wpforms-field-border-color: rgba( 0, 0, 0, 0.25 );\n--wpforms-field-text-color: rgba( 0, 0, 0, 0.7 );\n--wpforms-label-color: rgba( 0, 0, 0, 0.85 );\n--wpforms-label-sublabel-color: rgba( 0, 0, 0, 0.55 );\n--wpforms-label-error-color: #d63637;\n--wpforms-button-border-radius: 3px;\n--wpforms-button-background-color: #066aab;\n--wpforms-button-text-color: #ffffff;\n--wpforms-field-size-input-height: 43px;\n--wpforms-field-size-input-spacing: 15px;\n--wpforms-field-size-font-size: 16px;\n--wpforms-field-size-line-height: 19px;\n--wpforms-field-size-padding-h: 14px;\n--wpforms-field-size-checkbox-size: 16px;\n--wpforms-field-size-sublabel-spacing: 5px;\n--wpforms-field-size-icon-size: 1;\n--wpforms-label-size-font-size: 16px;\n--wpforms-label-size-line-height: 19px;\n--wpforms-label-size-sublabel-font-size: 14px;\n--wpforms-label-size-sublabel-line-height: 17px;\n--wpforms-button-size-font-size: 17px;\n--wpforms-button-size-height: 41px;\n--wpforms-button-size-padding-h: 15px;\n--wpforms-button-size-margin-top: 10px;\n\n\t\t\t\t}\n\t\t\t<\/style><style id=\"wpforms-css-vars-500-block-64516702-453d-482d-88d6-f56d07f32cfe\">\n\t\t\t\t#wpforms-500.wpforms-block-64516702-453d-482d-88d6-f56d07f32cfe {\n\t\t\t\t\t--wpforms-field-background-color: #FFFFFF;\n--wpforms-field-border-color: #10659C;\n--wpforms-field-text-color: #000000;\n--wpforms-label-color: #10659C;\n--wpforms-label-sublabel-color: #10659C;\n--wpforms-button-border-radius: 10px;\n--wpforms-button-background-color: #10659C;\n--wpforms-button-text-color: #FFFFFF;\n--wpforms-label-size-font-size: 18px;\n--wpforms-label-size-line-height: 21px;\n--wpforms-label-size-sublabel-font-size: 16px;\n--wpforms-label-size-sublabel-line-height: 19px;\n--wpforms-button-size-font-size: 20px;\n--wpforms-button-size-height: 48px;\n--wpforms-button-size-padding-h: 20px;\n--wpforms-button-size-margin-top: 15px;\n\n\t\t\t\t}\n\t\t\t<\/style><div class=\"wpforms-container wpforms-container-full wpforms-block wpforms-block-64516702-453d-482d-88d6-f56d07f32cfe wpforms-render-modern\" id=\"wpforms-500\"><form id=\"wpforms-form-500\" class=\"wpforms-validate wpforms-form wpforms-ajax-form\" data-formid=\"500\" method=\"post\" enctype=\"multipart\/form-data\" action=\"\/index.php\/wp-json\/wp\/v2\/pages\/477\" data-token=\"fbb58641ec5416831bef63f93cbfded7\"><noscript class=\"wpforms-error-noscript\">Please enable JavaScript in your browser to complete this form.<\/noscript><div class=\"wpforms-hidden\" id=\"wpforms-error-noscript\">Please enable JavaScript in your browser to complete this form.<\/div><div class=\"wpforms-field-container\"><div id=\"wpforms-500-field_0-container\" class=\"wpforms-field wpforms-field-name\" data-field-id=\"0\"><fieldset><legend class=\"wpforms-field-label\">Nom Pr\u00e9nom  <span class=\"wpforms-required-label\" aria-hidden=\"true\">*<\/span><\/legend><div class=\"wpforms-field-row wpforms-field-small\"><div class=\"wpforms-field-row-block wpforms-first wpforms-one-half\"><input type=\"text\" id=\"wpforms-500-field_0\" class=\"wpforms-field-name-first wpforms-field-required\" name=\"wpforms[fields][0][first]\" aria-errormessage=\"wpforms-500-field_0-error\" required><label for=\"wpforms-500-field_0\" class=\"wpforms-field-sublabel after \">First<\/label><\/div><div class=\"wpforms-field-row-block wpforms-one-half\"><input type=\"text\" id=\"wpforms-500-field_0-last\" class=\"wpforms-field-name-last wpforms-field-required\" name=\"wpforms[fields][0][last]\" aria-errormessage=\"wpforms-500-field_0-last-error\" required><label for=\"wpforms-500-field_0-last\" class=\"wpforms-field-sublabel after \">Last<\/label><\/div><\/div><\/fieldset><\/div><div id=\"wpforms-500-field_1-container\" class=\"wpforms-field wpforms-field-email\" data-field-id=\"1\"><label class=\"wpforms-field-label\" for=\"wpforms-500-field_1\">Email <span class=\"wpforms-required-label\" aria-hidden=\"true\">*<\/span><\/label><input type=\"email\" id=\"wpforms-500-field_1\" class=\"wpforms-field-medium wpforms-field-required\" name=\"wpforms[fields][1]\" spellcheck=\"false\" aria-errormessage=\"wpforms-500-field_1-error\" required><\/div><div id=\"wpforms-500-field_2-container\" class=\"wpforms-field wpforms-field-textarea\" data-field-id=\"2\"><label class=\"wpforms-field-label\" for=\"wpforms-500-field_2\">Message et commentaire<\/label><textarea id=\"wpforms-500-field_2\" class=\"wpforms-field-medium\" name=\"wpforms[fields][2]\" aria-errormessage=\"wpforms-500-field_2-error\" ><\/textarea><\/div><\/div><!-- .wpforms-field-container --><div class=\"wpforms-submit-container\" ><input type=\"hidden\" name=\"wpforms[id]\" value=\"500\"><input type=\"hidden\" name=\"wpforms[author]\" value=\"1\"><button type=\"submit\" name=\"wpforms[submit]\" id=\"wpforms-submit-500\" class=\"wpforms-submit\" data-alt-text=\"Envoie..\" data-submit-text=\"Envoyer\" aria-live=\"assertive\" value=\"wpforms-submit\">Envoyer<\/button><img decoding=\"async\" loading=\"lazy\" src=\"https:\/\/akresser.aristeecampus.org\/wp-content\/plugins\/wpforms-lite\/assets\/images\/submit-spin.svg\" class=\"wpforms-submit-spinner\" style=\"display: none;\" width=\"26\" height=\"26\" alt=\"Loading\"><\/div><\/form><\/div>  <!-- .wpforms-container -->","protected":false},"excerpt":{"rendered":"<p>FICHE CONTACT : KRESSER ALEXIS email: alexiskresser2802@gmail.com num\u00e9ro t\u00e9l: 07 82 99 27 47 Lieu de r\u00e9sidence : Saint-Cyr-Sur-Mer FORMULAIRE DE PRISE DE CONTACT<\/p>\n","protected":false},"author":1,"featured_media":0,"parent":0,"menu_order":0,"comment_status":"closed","ping_status":"closed","template":"","meta":[],"yoast_head":"<!-- This site is optimized with the Yoast SEO plugin v20.10 - https:\/\/yoast.com\/wordpress\/plugins\/seo\/ -->\n<title>contact - Portfolio - Alexis Kresser<\/title>\n<meta name=\"robots\" content=\"index, follow, max-snippet:-1, max-image-preview:large, max-video-preview:-1\" \/>\n<link rel=\"canonical\" href=\"https:\/\/akresser.aristeecampus.org\/index.php\/477-2\/\" \/>\n<meta property=\"og:locale\" content=\"fr_FR\" \/>\n<meta property=\"og:type\" content=\"article\" \/>\n<meta property=\"og:title\" content=\"contact - Portfolio - Alexis Kresser\" \/>\n<meta property=\"og:description\" content=\"FICHE CONTACT : KRESSER ALEXIS email: alexiskresser2802@gmail.com num\u00e9ro t\u00e9l: 07 82 99 27 47 Lieu de r\u00e9sidence : Saint-Cyr-Sur-Mer FORMULAIRE DE PRISE DE CONTACT\" \/>\n<meta property=\"og:url\" content=\"https:\/\/akresser.aristeecampus.org\/index.php\/477-2\/\" \/>\n<meta property=\"og:site_name\" content=\"Portfolio - Alexis Kresser\" \/>\n<meta property=\"article:modified_time\" content=\"2024-03-05T08:21:14+00:00\" \/>\n<meta name=\"twitter:card\" content=\"summary_large_image\" \/>\n<meta name=\"twitter:label1\" content=\"Dur\u00e9e de lecture estim\u00e9e\" \/>\n\t<meta name=\"twitter:data1\" content=\"1 minute\" \/>\n<script type=\"application\/ld+json\" class=\"yoast-schema-graph\">{\"@context\":\"https:\/\/schema.org\",\"@graph\":[{\"@type\":\"WebPage\",\"@id\":\"https:\/\/akresser.aristeecampus.org\/index.php\/477-2\/\",\"url\":\"https:\/\/akresser.aristeecampus.org\/index.php\/477-2\/\",\"name\":\"contact - Portfolio - Alexis Kresser\",\"isPartOf\":{\"@id\":\"https:\/\/akresser.aristeecampus.org\/#website\"},\"datePublished\":\"2023-09-04T09:32:49+00:00\",\"dateModified\":\"2024-03-05T08:21:14+00:00\",\"breadcrumb\":{\"@id\":\"https:\/\/akresser.aristeecampus.org\/index.php\/477-2\/#breadcrumb\"},\"inLanguage\":\"fr-FR\",\"potentialAction\":[{\"@type\":\"ReadAction\",\"target\":[\"https:\/\/akresser.aristeecampus.org\/index.php\/477-2\/\"]}]},{\"@type\":\"BreadcrumbList\",\"@id\":\"https:\/\/akresser.aristeecampus.org\/index.php\/477-2\/#breadcrumb\",\"itemListElement\":[{\"@type\":\"ListItem\",\"position\":1,\"name\":\"Accueil\",\"item\":\"https:\/\/akresser.aristeecampus.org\/\"},{\"@type\":\"ListItem\",\"position\":2,\"name\":\"contact\"}]},{\"@type\":\"WebSite\",\"@id\":\"https:\/\/akresser.aristeecampus.org\/#website\",\"url\":\"https:\/\/akresser.aristeecampus.org\/\",\"name\":\"Portfolio - Alexis Kresser\",\"description\":\"Un site qui r\u00e9sume mon BTS Sio \",\"potentialAction\":[{\"@type\":\"SearchAction\",\"target\":{\"@type\":\"EntryPoint\",\"urlTemplate\":\"https:\/\/akresser.aristeecampus.org\/?s={search_term_string}\"},\"query-input\":\"required name=search_term_string\"}],\"inLanguage\":\"fr-FR\"}]}<\/script>\n<!-- \/ Yoast SEO plugin. -->","yoast_head_json":{"title":"contact - Portfolio - Alexis Kresser","robots":{"index":"index","follow":"follow","max-snippet":"max-snippet:-1","max-image-preview":"max-image-preview:large","max-video-preview":"max-video-preview:-1"},"canonical":"https:\/\/akresser.aristeecampus.org\/index.php\/477-2\/","og_locale":"fr_FR","og_type":"article","og_title":"contact - Portfolio - Alexis Kresser","og_description":"FICHE CONTACT : KRESSER ALEXIS email: alexiskresser2802@gmail.com num\u00e9ro t\u00e9l: 07 82 99 27 47 Lieu de r\u00e9sidence : Saint-Cyr-Sur-Mer FORMULAIRE DE PRISE DE CONTACT","og_url":"https:\/\/akresser.aristeecampus.org\/index.php\/477-2\/","og_site_name":"Portfolio - Alexis Kresser","article_modified_time":"2024-03-05T08:21:14+00:00","twitter_card":"summary_large_image","twitter_misc":{"Dur\u00e9e de lecture estim\u00e9e":"1 minute"},"schema":{"@context":"https:\/\/schema.org","@graph":[{"@type":"WebPage","@id":"https:\/\/akresser.aristeecampus.org\/index.php\/477-2\/","url":"https:\/\/akresser.aristeecampus.org\/index.php\/477-2\/","name":"contact - Portfolio - Alexis Kresser","isPartOf":{"@id":"https:\/\/akresser.aristeecampus.org\/#website"},"datePublished":"2023-09-04T09:32:49+00:00","dateModified":"2024-03-05T08:21:14+00:00","breadcrumb":{"@id":"https:\/\/akresser.aristeecampus.org\/index.php\/477-2\/#breadcrumb"},"inLanguage":"fr-FR","potentialAction":[{"@type":"ReadAction","target":["https:\/\/akresser.aristeecampus.org\/index.php\/477-2\/"]}]},{"@type":"BreadcrumbList","@id":"https:\/\/akresser.aristeecampus.org\/index.php\/477-2\/#breadcrumb","itemListElement":[{"@type":"ListItem","position":1,"name":"Accueil","item":"https:\/\/akresser.aristeecampus.org\/"},{"@type":"ListItem","position":2,"name":"contact"}]},{"@type":"WebSite","@id":"https:\/\/akresser.aristeecampus.org\/#website","url":"https:\/\/akresser.aristeecampus.org\/","name":"Portfolio - Alexis Kresser","description":"Un site qui r\u00e9sume mon BTS Sio ","potentialAction":[{"@type":"SearchAction","target":{"@type":"EntryPoint","urlTemplate":"https:\/\/akresser.aristeecampus.org\/?s={search_term_string}"},"query-input":"required name=search_term_string"}],"inLanguage":"fr-FR"}]}},"_links":{"self":[{"href":"https:\/\/akresser.aristeecampus.org\/index.php\/wp-json\/wp\/v2\/pages\/477"}],"collection":[{"href":"https:\/\/akresser.aristeecampus.org\/index.php\/wp-json\/wp\/v2\/pages"}],"about":[{"href":"https:\/\/akresser.aristeecampus.org\/index.php\/wp-json\/wp\/v2\/types\/page"}],"author":[{"embeddable":true,"href":"https:\/\/akresser.aristeecampus.org\/index.php\/wp-json\/wp\/v2\/users\/1"}],"replies":[{"embeddable":true,"href":"https:\/\/akresser.aristeecampus.org\/index.php\/wp-json\/wp\/v2\/comments?post=477"}],"version-history":[{"count":26,"href":"https:\/\/akresser.aristeecampus.org\/index.php\/wp-json\/wp\/v2\/pages\/477\/revisions"}],"predecessor-version":[{"id":579,"href":"https:\/\/akresser.aristeecampus.org\/index.php\/wp-json\/wp\/v2\/pages\/477\/revisions\/579"}],"wp:attachment":[{"href":"https:\/\/akresser.aristeecampus.org\/index.php\/wp-json\/wp\/v2\/media?parent=477"}],"curies":[{"name":"wp","href":"https:\/\/api.w.org\/{rel}","templated":true}]}}