{"id":589,"date":"2024-03-11T14:35:26","date_gmt":"2024-03-11T13:35:26","guid":{"rendered":"https:\/\/akresser.aristeecampus.org\/?page_id=589"},"modified":"2024-05-06T13:31:38","modified_gmt":"2024-05-06T11:31:38","slug":"realisation-professionnel-en-centre-2","status":"publish","type":"page","link":"https:\/\/akresser.aristeecampus.org\/index.php\/realisation-professionnel-en-centre-2\/","title":{"rendered":"R\u00e9alisation Professionnel en centre 2"},"content":{"rendered":"\n<p class=\"has-text-align-center has-button-hover-color-color has-text-color has-large-font-size\"><strong>Voici mes R\u00e9alisation professionnel au cours de la seconde ann\u00e9e. Vous pouvez les t\u00e9l\u00e9charger en allant sur le Pdf. <\/strong><\/p>\n\n\n\n<p><\/p>\n\n\n\n<div class=\"wp-block-buttons is-content-justification-center is-layout-flex wp-container-1\">\n<div class=\"wp-block-button has-custom-width wp-block-button__width-75 has-custom-font-size has-large-font-size\"><a class=\"wp-block-button__link has-midnight-gradient-background has-background wp-element-button\" href=\"https:\/\/akresser.aristeecampus.org\/wp-content\/uploads\/2024\/04\/MME-Mise-en-place-de-GLPI.pdf\" style=\"border-radius:100px\" target=\"_blank\" rel=\"noreferrer noopener\">1. Syst\u00e8me de gestion de parc ( GLPI ) <\/a><\/div>\n<\/div>\n\n\n\n<p><\/p>\n\n\n\n<div class=\"wp-block-buttons has-custom-font-size has-large-font-size is-content-justification-center is-layout-flex wp-container-2\">\n<div class=\"wp-block-button has-custom-width wp-block-button__width-75 has-custom-font-size has-large-font-size\"><a class=\"wp-block-button__link has-midnight-gradient-background has-background wp-element-button\" href=\"https:\/\/akresser.aristeecampus.org\/wp-content\/uploads\/2024\/04\/MME-Securisation-dun-service-informatique-avec-PFSENS.pdf\" style=\"border-radius:100px\" target=\"_blank\" rel=\"noreferrer noopener\">2. S\u00e9curisation d&rsquo;un syst\u00e8me informatique avec PFSENSE<\/a><\/div>\n<\/div>\n\n\n\n<p><\/p>\n\n\n\n<div class=\"wp-block-buttons is-content-justification-center is-layout-flex wp-container-3\">\n<div class=\"wp-block-button has-custom-width wp-block-button__width-75 has-custom-font-size has-large-font-size\"><a class=\"wp-block-button__link has-midnight-gradient-background has-background wp-element-button\" href=\"https:\/\/akresser.aristeecampus.org\/wp-content\/uploads\/2024\/04\/MME-Mise-en-place-dun-serveur-Web-Site-vitrine.pdf\" style=\"border-radius:100px\" target=\"_blank\" rel=\"noreferrer noopener\">3. Mise en place d&rsquo;un serveur web &#8211; site vitrine<\/a><\/div>\n<\/div>\n\n\n\n<p><\/p>\n\n\n\n<div class=\"wp-block-buttons is-content-justification-center is-layout-flex wp-container-4\">\n<div class=\"wp-block-button has-custom-width wp-block-button__width-75 has-custom-font-size has-large-font-size\"><a class=\"wp-block-button__link has-midnight-gradient-background has-background wp-element-button\" href=\"https:\/\/akresser.aristeecampus.org\/wp-content\/uploads\/2024\/04\/MME-Installation-configuration-et-securisation-dun-serveur-LAMP.pdf\" style=\"border-radius:100px\">4. Installation, configuration et s\u00e9curisation d&rsquo;un serveur LAMP<\/a><\/div>\n<\/div>\n\n\n\n<p><\/p>\n\n\n\n<div class=\"wp-block-buttons is-content-justification-center is-layout-flex wp-container-5\">\n<div class=\"wp-block-button has-custom-width wp-block-button__width-75 has-custom-font-size has-large-font-size\"><a class=\"wp-block-button__link has-midnight-gradient-background has-background wp-element-button\" href=\"https:\/\/akresser.aristeecampus.org\/wp-content\/uploads\/2024\/05\/RP1_-IDS-_-IPS.docx-3.pdf\" style=\"border-radius:100px\" target=\"_blank\" rel=\"noreferrer noopener\">RP 1 : Mise en place d&rsquo;un syst\u00e8me de d\u00e9tection d&rsquo;intrusion ( SNORT )<\/a><\/div>\n<\/div>\n\n\n\n<p><\/p>\n\n\n\n<div class=\"wp-block-buttons is-content-justification-center is-layout-flex wp-container-6\">\n<div class=\"wp-block-button has-custom-width wp-block-button__width-75 has-custom-font-size has-large-font-size\"><a class=\"wp-block-button__link has-midnight-gradient-background has-background wp-element-button\" href=\"https:\/\/akresser.aristeecampus.org\/wp-content\/uploads\/2024\/05\/Presentation-RP2.pdf\" style=\"border-radius:100px\" target=\"_blank\" rel=\"noreferrer noopener\">RP 2 : Pr\u00e9sentation serveur de fichier sur WS19 ( partie 1 )<\/a><\/div>\n<\/div>\n\n\n\n<p><\/p>\n\n\n\n<div class=\"wp-block-buttons is-content-justification-center is-layout-flex wp-container-7\">\n<div class=\"wp-block-button has-custom-width wp-block-button__width-75 has-custom-font-size has-large-font-size\"><a class=\"wp-block-button__link has-midnight-gradient-background has-background wp-element-button\" href=\"https:\/\/akresser.aristeecampus.org\/wp-content\/uploads\/2024\/05\/Mise-en-place-RP-2-4.pdf\" style=\"border-radius:100px\" target=\"_blank\" rel=\"noreferrer noopener\">RP 2.1 : Mise en place d&rsquo;un serveur de fichier WS19 ( partie 2 ) <\/a><\/div>\n<\/div>\n\n\n\n<p><\/p>\n\n\n\n<div class=\"wp-block-buttons is-content-justification-center is-layout-flex wp-container-8\"><\/div>\n","protected":false},"excerpt":{"rendered":"<p>Voici mes R\u00e9alisation professionnel au cours de la seconde ann\u00e9e. Vous pouvez les t\u00e9l\u00e9charger en allant sur le Pdf.<\/p>\n","protected":false},"author":1,"featured_media":0,"parent":0,"menu_order":0,"comment_status":"closed","ping_status":"closed","template":"","meta":[],"yoast_head":"<!-- This site is optimized with the Yoast SEO plugin v20.10 - https:\/\/yoast.com\/wordpress\/plugins\/seo\/ -->\n<title>R\u00e9alisation Professionnel en centre 2 - Portfolio - Alexis Kresser<\/title>\n<meta name=\"robots\" content=\"index, follow, max-snippet:-1, max-image-preview:large, max-video-preview:-1\" \/>\n<link rel=\"canonical\" href=\"https:\/\/akresser.aristeecampus.org\/index.php\/realisation-professionnel-en-centre-2\/\" \/>\n<meta property=\"og:locale\" content=\"fr_FR\" \/>\n<meta property=\"og:type\" content=\"article\" \/>\n<meta property=\"og:title\" content=\"R\u00e9alisation Professionnel en centre 2 - Portfolio - Alexis Kresser\" \/>\n<meta property=\"og:description\" content=\"Voici mes R\u00e9alisation professionnel au cours de la seconde ann\u00e9e. Vous pouvez les t\u00e9l\u00e9charger en allant sur le Pdf.\" \/>\n<meta property=\"og:url\" content=\"https:\/\/akresser.aristeecampus.org\/index.php\/realisation-professionnel-en-centre-2\/\" \/>\n<meta property=\"og:site_name\" content=\"Portfolio - Alexis Kresser\" \/>\n<meta property=\"article:modified_time\" content=\"2024-05-06T11:31:38+00:00\" \/>\n<meta name=\"twitter:card\" content=\"summary_large_image\" \/>\n<meta name=\"twitter:label1\" content=\"Dur\u00e9e de lecture estim\u00e9e\" \/>\n\t<meta name=\"twitter:data1\" content=\"1 minute\" \/>\n<script type=\"application\/ld+json\" class=\"yoast-schema-graph\">{\"@context\":\"https:\/\/schema.org\",\"@graph\":[{\"@type\":\"WebPage\",\"@id\":\"https:\/\/akresser.aristeecampus.org\/index.php\/realisation-professionnel-en-centre-2\/\",\"url\":\"https:\/\/akresser.aristeecampus.org\/index.php\/realisation-professionnel-en-centre-2\/\",\"name\":\"R\u00e9alisation Professionnel en centre 2 - Portfolio - Alexis Kresser\",\"isPartOf\":{\"@id\":\"https:\/\/akresser.aristeecampus.org\/#website\"},\"datePublished\":\"2024-03-11T13:35:26+00:00\",\"dateModified\":\"2024-05-06T11:31:38+00:00\",\"breadcrumb\":{\"@id\":\"https:\/\/akresser.aristeecampus.org\/index.php\/realisation-professionnel-en-centre-2\/#breadcrumb\"},\"inLanguage\":\"fr-FR\",\"potentialAction\":[{\"@type\":\"ReadAction\",\"target\":[\"https:\/\/akresser.aristeecampus.org\/index.php\/realisation-professionnel-en-centre-2\/\"]}]},{\"@type\":\"BreadcrumbList\",\"@id\":\"https:\/\/akresser.aristeecampus.org\/index.php\/realisation-professionnel-en-centre-2\/#breadcrumb\",\"itemListElement\":[{\"@type\":\"ListItem\",\"position\":1,\"name\":\"Accueil\",\"item\":\"https:\/\/akresser.aristeecampus.org\/\"},{\"@type\":\"ListItem\",\"position\":2,\"name\":\"R\u00e9alisation Professionnel en centre 2\"}]},{\"@type\":\"WebSite\",\"@id\":\"https:\/\/akresser.aristeecampus.org\/#website\",\"url\":\"https:\/\/akresser.aristeecampus.org\/\",\"name\":\"Portfolio - Alexis Kresser\",\"description\":\"Un site qui r\u00e9sume mon BTS Sio \",\"potentialAction\":[{\"@type\":\"SearchAction\",\"target\":{\"@type\":\"EntryPoint\",\"urlTemplate\":\"https:\/\/akresser.aristeecampus.org\/?s={search_term_string}\"},\"query-input\":\"required name=search_term_string\"}],\"inLanguage\":\"fr-FR\"}]}<\/script>\n<!-- \/ Yoast SEO plugin. -->","yoast_head_json":{"title":"R\u00e9alisation Professionnel en centre 2 - Portfolio - Alexis Kresser","robots":{"index":"index","follow":"follow","max-snippet":"max-snippet:-1","max-image-preview":"max-image-preview:large","max-video-preview":"max-video-preview:-1"},"canonical":"https:\/\/akresser.aristeecampus.org\/index.php\/realisation-professionnel-en-centre-2\/","og_locale":"fr_FR","og_type":"article","og_title":"R\u00e9alisation Professionnel en centre 2 - Portfolio - Alexis Kresser","og_description":"Voici mes R\u00e9alisation professionnel au cours de la seconde ann\u00e9e. Vous pouvez les t\u00e9l\u00e9charger en allant sur le Pdf.","og_url":"https:\/\/akresser.aristeecampus.org\/index.php\/realisation-professionnel-en-centre-2\/","og_site_name":"Portfolio - Alexis Kresser","article_modified_time":"2024-05-06T11:31:38+00:00","twitter_card":"summary_large_image","twitter_misc":{"Dur\u00e9e de lecture estim\u00e9e":"1 minute"},"schema":{"@context":"https:\/\/schema.org","@graph":[{"@type":"WebPage","@id":"https:\/\/akresser.aristeecampus.org\/index.php\/realisation-professionnel-en-centre-2\/","url":"https:\/\/akresser.aristeecampus.org\/index.php\/realisation-professionnel-en-centre-2\/","name":"R\u00e9alisation Professionnel en centre 2 - Portfolio - Alexis Kresser","isPartOf":{"@id":"https:\/\/akresser.aristeecampus.org\/#website"},"datePublished":"2024-03-11T13:35:26+00:00","dateModified":"2024-05-06T11:31:38+00:00","breadcrumb":{"@id":"https:\/\/akresser.aristeecampus.org\/index.php\/realisation-professionnel-en-centre-2\/#breadcrumb"},"inLanguage":"fr-FR","potentialAction":[{"@type":"ReadAction","target":["https:\/\/akresser.aristeecampus.org\/index.php\/realisation-professionnel-en-centre-2\/"]}]},{"@type":"BreadcrumbList","@id":"https:\/\/akresser.aristeecampus.org\/index.php\/realisation-professionnel-en-centre-2\/#breadcrumb","itemListElement":[{"@type":"ListItem","position":1,"name":"Accueil","item":"https:\/\/akresser.aristeecampus.org\/"},{"@type":"ListItem","position":2,"name":"R\u00e9alisation Professionnel en centre 2"}]},{"@type":"WebSite","@id":"https:\/\/akresser.aristeecampus.org\/#website","url":"https:\/\/akresser.aristeecampus.org\/","name":"Portfolio - Alexis Kresser","description":"Un site qui r\u00e9sume mon BTS Sio ","potentialAction":[{"@type":"SearchAction","target":{"@type":"EntryPoint","urlTemplate":"https:\/\/akresser.aristeecampus.org\/?s={search_term_string}"},"query-input":"required name=search_term_string"}],"inLanguage":"fr-FR"}]}},"_links":{"self":[{"href":"https:\/\/akresser.aristeecampus.org\/index.php\/wp-json\/wp\/v2\/pages\/589"}],"collection":[{"href":"https:\/\/akresser.aristeecampus.org\/index.php\/wp-json\/wp\/v2\/pages"}],"about":[{"href":"https:\/\/akresser.aristeecampus.org\/index.php\/wp-json\/wp\/v2\/types\/page"}],"author":[{"embeddable":true,"href":"https:\/\/akresser.aristeecampus.org\/index.php\/wp-json\/wp\/v2\/users\/1"}],"replies":[{"embeddable":true,"href":"https:\/\/akresser.aristeecampus.org\/index.php\/wp-json\/wp\/v2\/comments?post=589"}],"version-history":[{"count":30,"href":"https:\/\/akresser.aristeecampus.org\/index.php\/wp-json\/wp\/v2\/pages\/589\/revisions"}],"predecessor-version":[{"id":723,"href":"https:\/\/akresser.aristeecampus.org\/index.php\/wp-json\/wp\/v2\/pages\/589\/revisions\/723"}],"wp:attachment":[{"href":"https:\/\/akresser.aristeecampus.org\/index.php\/wp-json\/wp\/v2\/media?parent=589"}],"curies":[{"name":"wp","href":"https:\/\/api.w.org\/{rel}","templated":true}]}}