{"id":61,"date":"2022-11-14T14:34:59","date_gmt":"2022-11-14T13:34:59","guid":{"rendered":"https:\/\/akresser.aristeecampus.org\/?page_id=61"},"modified":"2023-04-14T14:43:13","modified_gmt":"2023-04-14T12:43:13","slug":"presentation-g5b","status":"publish","type":"page","link":"https:\/\/akresser.aristeecampus.org\/index.php\/realisation-professionnel\/realisation-professionnel-en-centre\/presentation-g5b\/","title":{"rendered":"Pr\u00e9sentation GSB"},"content":{"rendered":"\n<figure class=\"wp-block-image size-large\"><img decoding=\"async\" loading=\"lazy\" width=\"1024\" height=\"574\" src=\"https:\/\/akresser.aristeecampus.org\/wp-content\/uploads\/2023\/04\/Capture-decran-2023-04-14-142548-1024x574.png\" alt=\"\" class=\"wp-image-209\" srcset=\"https:\/\/akresser.aristeecampus.org\/wp-content\/uploads\/2023\/04\/Capture-decran-2023-04-14-142548-1024x574.png 1024w, https:\/\/akresser.aristeecampus.org\/wp-content\/uploads\/2023\/04\/Capture-decran-2023-04-14-142548-300x168.png 300w, https:\/\/akresser.aristeecampus.org\/wp-content\/uploads\/2023\/04\/Capture-decran-2023-04-14-142548-768x430.png 768w, https:\/\/akresser.aristeecampus.org\/wp-content\/uploads\/2023\/04\/Capture-decran-2023-04-14-142548-100x56.png 100w, https:\/\/akresser.aristeecampus.org\/wp-content\/uploads\/2023\/04\/Capture-decran-2023-04-14-142548-150x84.png 150w, https:\/\/akresser.aristeecampus.org\/wp-content\/uploads\/2023\/04\/Capture-decran-2023-04-14-142548-200x112.png 200w, https:\/\/akresser.aristeecampus.org\/wp-content\/uploads\/2023\/04\/Capture-decran-2023-04-14-142548-450x252.png 450w, https:\/\/akresser.aristeecampus.org\/wp-content\/uploads\/2023\/04\/Capture-decran-2023-04-14-142548-600x336.png 600w, https:\/\/akresser.aristeecampus.org\/wp-content\/uploads\/2023\/04\/Capture-decran-2023-04-14-142548-900x504.png 900w, https:\/\/akresser.aristeecampus.org\/wp-content\/uploads\/2023\/04\/Capture-decran-2023-04-14-142548.png 1085w\" sizes=\"(max-width: 1024px) 100vw, 1024px\" \/><\/figure>\n\n\n\n<div class=\"wp-block-buttons is-layout-flex\"><\/div>\n\n\n\n<h2 class=\"wp-block-heading\">1)Contextualisation et d\u00e9finition du besoin:&nbsp;<\/h2>\n\n\n\n<ul>\n<li>I) pr\u00e9sentation de l\u2019entreprise GSB<\/li>\n<\/ul>\n\n\n\n<p>Galaxy Swiss bourdin ( GSB ) est un laboratoire cr\u00e9\u00e9 apr\u00e8s la fusion de la soci\u00e9t\u00e9 am\u00e9ricaine Galaxy et le groupe europ\u00e9en Swiss Bourdin en 2009. Cette fusion a permis \u00e0 GSB d\u2019\u00eatre un leader sur le march\u00e9 de l\u2019industrie pharmaceutique qui est un secteur tr\u00e8s lucratif. Le mouvement entre les industries est assez fr\u00e9quent dans ce domaine. Le si\u00e8ge social est bas\u00e9 \u00e0 Philadelphie aux Etat-Unis et l\u2019entit\u00e9 europ\u00e9en a install\u00e9 son si\u00e8ge administratif \u00e0 Paris. Le groupe souhaite moderniser l\u2019activit\u00e9 des visites m\u00e9dicales en France. Cette am\u00e9lioration devra permettre de r\u00e9aliser une \u00e9conomie ainsi qu\u2019une optimisation de leur activit\u00e9&nbsp;<\/p>\n\n\n\n<ul>\n<li>II) personne cibl\u00e9 par le projet<\/li>\n<\/ul>\n\n\n\n<p>GSB emploie 480 visiteurs m\u00e9dicaux r\u00e9partis sur 7 secteurs territoriaux, leur r\u00f4le est de d\u00e9marcher des pharmaciens, m\u00e9decins et autres praticiens pour pr\u00e9senter les produits fabriqu\u00e9s par le laboratoire.&nbsp;<\/p>\n\n\n\n<p>Le visiteur m\u00e9dical est en d\u00e9placement perp\u00e9tuel et rencontre plusieurs professionnels de sant\u00e9 par jour. Seul, muni de sa mallette remplie des derniers produits \u00e0 faire conna\u00eetre, il se rend dans les cabinets m\u00e9dicaux et autres centres de soins de la zone qui lui a \u00e9t\u00e9 attribu\u00e9e. Apr\u00e8s chaque visite, il doit r\u00e9diger des rapport et les envoyer au directeur r\u00e9gional.<\/p>\n","protected":false},"excerpt":{"rendered":"<p>1)Contextualisation et d\u00e9finition du besoin:&nbsp; Galaxy Swiss bourdin ( GSB ) est un laboratoire cr\u00e9\u00e9 apr\u00e8s la fusion de la soci\u00e9t\u00e9 am\u00e9ricaine Galaxy et le groupe europ\u00e9en Swiss Bourdin en 2009. Cette fusion a permis \u00e0 GSB d\u2019\u00eatre un leader &hellip;<\/p>\n<p class=\"read-more\"> <a class=\"more-link\" href=\"https:\/\/akresser.aristeecampus.org\/index.php\/realisation-professionnel\/realisation-professionnel-en-centre\/presentation-g5b\/\"> <span class=\"screen-reader-text\">Pr\u00e9sentation GSB<\/span> Read More &raquo;<\/a><\/p>\n","protected":false},"author":1,"featured_media":0,"parent":24,"menu_order":2,"comment_status":"closed","ping_status":"closed","template":"","meta":[],"yoast_head":"<!-- This site is optimized with the Yoast SEO plugin v20.10 - https:\/\/yoast.com\/wordpress\/plugins\/seo\/ -->\n<title>Pr\u00e9sentation GSB - Portfolio - Alexis Kresser<\/title>\n<meta name=\"robots\" content=\"index, follow, max-snippet:-1, max-image-preview:large, max-video-preview:-1\" \/>\n<link rel=\"canonical\" href=\"https:\/\/akresser.aristeecampus.org\/index.php\/realisation-professionnel\/realisation-professionnel-en-centre\/presentation-g5b\/\" \/>\n<meta property=\"og:locale\" content=\"fr_FR\" \/>\n<meta property=\"og:type\" content=\"article\" \/>\n<meta property=\"og:title\" content=\"Pr\u00e9sentation GSB - Portfolio - Alexis Kresser\" \/>\n<meta property=\"og:description\" content=\"1)Contextualisation et d\u00e9finition du besoin:&nbsp; Galaxy Swiss bourdin ( GSB ) est un laboratoire cr\u00e9\u00e9 apr\u00e8s la fusion de la soci\u00e9t\u00e9 am\u00e9ricaine Galaxy et le groupe europ\u00e9en Swiss Bourdin en 2009. Cette fusion a permis \u00e0 GSB d\u2019\u00eatre un leader &hellip; Pr\u00e9sentation GSB Read More &raquo;\" \/>\n<meta property=\"og:url\" content=\"https:\/\/akresser.aristeecampus.org\/index.php\/realisation-professionnel\/realisation-professionnel-en-centre\/presentation-g5b\/\" \/>\n<meta property=\"og:site_name\" content=\"Portfolio - Alexis Kresser\" \/>\n<meta property=\"article:modified_time\" content=\"2023-04-14T12:43:13+00:00\" \/>\n<meta property=\"og:image\" content=\"https:\/\/akresser.aristeecampus.org\/wp-content\/uploads\/2023\/04\/Capture-decran-2023-04-14-142548-1024x574.png\" \/>\n<meta name=\"twitter:card\" content=\"summary_large_image\" \/>\n<meta name=\"twitter:label1\" content=\"Dur\u00e9e de lecture estim\u00e9e\" \/>\n\t<meta name=\"twitter:data1\" content=\"2 minutes\" \/>\n<script type=\"application\/ld+json\" class=\"yoast-schema-graph\">{\"@context\":\"https:\/\/schema.org\",\"@graph\":[{\"@type\":\"WebPage\",\"@id\":\"https:\/\/akresser.aristeecampus.org\/index.php\/realisation-professionnel\/realisation-professionnel-en-centre\/presentation-g5b\/\",\"url\":\"https:\/\/akresser.aristeecampus.org\/index.php\/realisation-professionnel\/realisation-professionnel-en-centre\/presentation-g5b\/\",\"name\":\"Pr\u00e9sentation GSB - Portfolio - Alexis Kresser\",\"isPartOf\":{\"@id\":\"https:\/\/akresser.aristeecampus.org\/#website\"},\"datePublished\":\"2022-11-14T13:34:59+00:00\",\"dateModified\":\"2023-04-14T12:43:13+00:00\",\"breadcrumb\":{\"@id\":\"https:\/\/akresser.aristeecampus.org\/index.php\/realisation-professionnel\/realisation-professionnel-en-centre\/presentation-g5b\/#breadcrumb\"},\"inLanguage\":\"fr-FR\",\"potentialAction\":[{\"@type\":\"ReadAction\",\"target\":[\"https:\/\/akresser.aristeecampus.org\/index.php\/realisation-professionnel\/realisation-professionnel-en-centre\/presentation-g5b\/\"]}]},{\"@type\":\"BreadcrumbList\",\"@id\":\"https:\/\/akresser.aristeecampus.org\/index.php\/realisation-professionnel\/realisation-professionnel-en-centre\/presentation-g5b\/#breadcrumb\",\"itemListElement\":[{\"@type\":\"ListItem\",\"position\":1,\"name\":\"Accueil\",\"item\":\"https:\/\/akresser.aristeecampus.org\/\"},{\"@type\":\"ListItem\",\"position\":2,\"name\":\"R\u00e9alisation professionnel en entreprise\",\"item\":\"https:\/\/akresser.aristeecampus.org\/index.php\/realisation-professionnel\/\"},{\"@type\":\"ListItem\",\"position\":3,\"name\":\"R\u00e9alisation professionnel en centre\",\"item\":\"https:\/\/akresser.aristeecampus.org\/index.php\/realisation-professionnel\/realisation-professionnel-en-centre\/\"},{\"@type\":\"ListItem\",\"position\":4,\"name\":\"Pr\u00e9sentation GSB\"}]},{\"@type\":\"WebSite\",\"@id\":\"https:\/\/akresser.aristeecampus.org\/#website\",\"url\":\"https:\/\/akresser.aristeecampus.org\/\",\"name\":\"Portfolio - Alexis Kresser\",\"description\":\"Un site qui r\u00e9sume mon BTS Sio \",\"potentialAction\":[{\"@type\":\"SearchAction\",\"target\":{\"@type\":\"EntryPoint\",\"urlTemplate\":\"https:\/\/akresser.aristeecampus.org\/?s={search_term_string}\"},\"query-input\":\"required name=search_term_string\"}],\"inLanguage\":\"fr-FR\"}]}<\/script>\n<!-- \/ Yoast SEO plugin. -->","yoast_head_json":{"title":"Pr\u00e9sentation GSB - Portfolio - Alexis Kresser","robots":{"index":"index","follow":"follow","max-snippet":"max-snippet:-1","max-image-preview":"max-image-preview:large","max-video-preview":"max-video-preview:-1"},"canonical":"https:\/\/akresser.aristeecampus.org\/index.php\/realisation-professionnel\/realisation-professionnel-en-centre\/presentation-g5b\/","og_locale":"fr_FR","og_type":"article","og_title":"Pr\u00e9sentation GSB - Portfolio - Alexis Kresser","og_description":"1)Contextualisation et d\u00e9finition du besoin:&nbsp; Galaxy Swiss bourdin ( GSB ) est un laboratoire cr\u00e9\u00e9 apr\u00e8s la fusion de la soci\u00e9t\u00e9 am\u00e9ricaine Galaxy et le groupe europ\u00e9en Swiss Bourdin en 2009. Cette fusion a permis \u00e0 GSB d\u2019\u00eatre un leader &hellip; Pr\u00e9sentation GSB Read More &raquo;","og_url":"https:\/\/akresser.aristeecampus.org\/index.php\/realisation-professionnel\/realisation-professionnel-en-centre\/presentation-g5b\/","og_site_name":"Portfolio - Alexis Kresser","article_modified_time":"2023-04-14T12:43:13+00:00","og_image":[{"url":"https:\/\/akresser.aristeecampus.org\/wp-content\/uploads\/2023\/04\/Capture-decran-2023-04-14-142548-1024x574.png"}],"twitter_card":"summary_large_image","twitter_misc":{"Dur\u00e9e de lecture estim\u00e9e":"2 minutes"},"schema":{"@context":"https:\/\/schema.org","@graph":[{"@type":"WebPage","@id":"https:\/\/akresser.aristeecampus.org\/index.php\/realisation-professionnel\/realisation-professionnel-en-centre\/presentation-g5b\/","url":"https:\/\/akresser.aristeecampus.org\/index.php\/realisation-professionnel\/realisation-professionnel-en-centre\/presentation-g5b\/","name":"Pr\u00e9sentation GSB - Portfolio - Alexis Kresser","isPartOf":{"@id":"https:\/\/akresser.aristeecampus.org\/#website"},"datePublished":"2022-11-14T13:34:59+00:00","dateModified":"2023-04-14T12:43:13+00:00","breadcrumb":{"@id":"https:\/\/akresser.aristeecampus.org\/index.php\/realisation-professionnel\/realisation-professionnel-en-centre\/presentation-g5b\/#breadcrumb"},"inLanguage":"fr-FR","potentialAction":[{"@type":"ReadAction","target":["https:\/\/akresser.aristeecampus.org\/index.php\/realisation-professionnel\/realisation-professionnel-en-centre\/presentation-g5b\/"]}]},{"@type":"BreadcrumbList","@id":"https:\/\/akresser.aristeecampus.org\/index.php\/realisation-professionnel\/realisation-professionnel-en-centre\/presentation-g5b\/#breadcrumb","itemListElement":[{"@type":"ListItem","position":1,"name":"Accueil","item":"https:\/\/akresser.aristeecampus.org\/"},{"@type":"ListItem","position":2,"name":"R\u00e9alisation professionnel en entreprise","item":"https:\/\/akresser.aristeecampus.org\/index.php\/realisation-professionnel\/"},{"@type":"ListItem","position":3,"name":"R\u00e9alisation professionnel en centre","item":"https:\/\/akresser.aristeecampus.org\/index.php\/realisation-professionnel\/realisation-professionnel-en-centre\/"},{"@type":"ListItem","position":4,"name":"Pr\u00e9sentation GSB"}]},{"@type":"WebSite","@id":"https:\/\/akresser.aristeecampus.org\/#website","url":"https:\/\/akresser.aristeecampus.org\/","name":"Portfolio - Alexis Kresser","description":"Un site qui r\u00e9sume mon BTS Sio ","potentialAction":[{"@type":"SearchAction","target":{"@type":"EntryPoint","urlTemplate":"https:\/\/akresser.aristeecampus.org\/?s={search_term_string}"},"query-input":"required name=search_term_string"}],"inLanguage":"fr-FR"}]}},"_links":{"self":[{"href":"https:\/\/akresser.aristeecampus.org\/index.php\/wp-json\/wp\/v2\/pages\/61"}],"collection":[{"href":"https:\/\/akresser.aristeecampus.org\/index.php\/wp-json\/wp\/v2\/pages"}],"about":[{"href":"https:\/\/akresser.aristeecampus.org\/index.php\/wp-json\/wp\/v2\/types\/page"}],"author":[{"embeddable":true,"href":"https:\/\/akresser.aristeecampus.org\/index.php\/wp-json\/wp\/v2\/users\/1"}],"replies":[{"embeddable":true,"href":"https:\/\/akresser.aristeecampus.org\/index.php\/wp-json\/wp\/v2\/comments?post=61"}],"version-history":[{"count":5,"href":"https:\/\/akresser.aristeecampus.org\/index.php\/wp-json\/wp\/v2\/pages\/61\/revisions"}],"predecessor-version":[{"id":225,"href":"https:\/\/akresser.aristeecampus.org\/index.php\/wp-json\/wp\/v2\/pages\/61\/revisions\/225"}],"up":[{"embeddable":true,"href":"https:\/\/akresser.aristeecampus.org\/index.php\/wp-json\/wp\/v2\/pages\/24"}],"wp:attachment":[{"href":"https:\/\/akresser.aristeecampus.org\/index.php\/wp-json\/wp\/v2\/media?parent=61"}],"curies":[{"name":"wp","href":"https:\/\/api.w.org\/{rel}","templated":true}]}}