{"id":77,"date":"2022-11-14T14:38:04","date_gmt":"2022-11-14T13:38:04","guid":{"rendered":"https:\/\/akresser.aristeecampus.org\/?page_id=77"},"modified":"2024-04-15T10:03:24","modified_gmt":"2024-04-15T08:03:24","slug":"theme-travailles","status":"publish","type":"page","link":"https:\/\/akresser.aristeecampus.org\/index.php\/veille-technologique\/theme-travailles\/","title":{"rendered":"Th\u00e8mes travaill\u00e9s"},"content":{"rendered":"\n<h1 class=\"wp-block-heading has-button-hover-color-color has-text-color\">La veille technologique, qu&rsquo;est ce que c&rsquo;est ? <\/h1>\n\n\n\n<p class=\"has-text-color\" style=\"color:#34a1ee;font-size:25px\">La&nbsp;<strong>veille technologique<\/strong>&nbsp;se doit de pr\u00e9venir et alerter tout responsable d\u2019un changement, d\u2019une nouveaut\u00e9 ou d\u2019une&nbsp;<strong>innovation<\/strong>&nbsp;qu\u2019elle soit&nbsp;<strong>technique<\/strong>&nbsp;ou&nbsp;<strong>scientifique<\/strong>. D\u00e8s lors qu\u2019elle peut modifier le paysage ou faire perdre \/ gagner un&nbsp;<strong>avantage<\/strong>&nbsp;<strong>\u00e9conomique<\/strong>, la veille devient&nbsp;<strong>critique<\/strong>&nbsp;et doit intervenir le plus t\u00f4t possible.&nbsp;<\/p>\n\n\n\n<p class=\"has-button-hover-color-color has-text-color has-large-font-size\">La veille technologique se d\u00e9roule et se divise en&nbsp;<strong>3 \u00e9tapes<\/strong>&nbsp;:<\/p>\n\n\n\n<ol class=\"has-text-color\" style=\"color:#2994dc;font-size:22px\">\n<li><strong>acquisition d\u2019informations<\/strong>&nbsp;: prise de conscience, d\u00e9tection &amp; acc\u00e8s aux sources<\/li>\n\n\n\n<li><strong>transmission &amp; stockage<\/strong>&nbsp;: gestion interne<\/li>\n\n\n\n<li><strong>synth\u00e8se des informations collect\u00e9es<\/strong><\/li>\n<\/ol>\n\n\n\n<p><\/p>\n\n\n\n<p><\/p>\n\n\n\n<p><\/p>\n\n\n\n<h1 class=\"wp-block-heading has-button-hover-color-color has-text-color has-larger-font-size\">Premier th\u00e8me choisis : Cloud Computing<\/h1>\n\n\n\n<p class=\"has-button-hover-color-color has-text-color\" style=\"font-size:28px\">C\u2019est quoi le cloud computing ?<\/p>\n\n\n\n<p class=\"has-button-hover-color-color has-text-color\" style=\"font-size:25px\">Le\u00a0cloud\u00a0permet aux utilisateurs d\u2019acc\u00e9der aux m\u00eames fichiers et aux m\u00eames applications \u00e0 partir de presque n\u2019importe quel appareil, car les processus informatiques et le stockage ont lieu sur des serveurs dans un datacenter et non localement sur la machine utilisateur.<\/p>\n\n\n\n<p class=\"has-button-hover-color-color has-text-color has-larger-font-size\"><strong>Deuxi\u00e8me th\u00e8me choisis<\/strong> <strong>: Les applications dop\u00e9es a l&rsquo;IA<\/strong><\/p>\n\n\n\n<p class=\"has-button-hover-color-color has-text-color has-large-font-size\">Les applications dop\u00e9es a l&rsquo;IA c&rsquo;est quoi ? <\/p>\n\n\n\n<p class=\"has-button-hover-color-color has-text-color has-large-font-size\">Le d\u00e9veloppement rapide de l&rsquo;IA a ouvert la voie \u00e0 des applications innovantes. Les syst\u00e8mes informatiques et r\u00e9seaux int\u00e8grent d\u00e9sormais des algorithmes d&rsquo;apprentissage automatique et des mod\u00e8les pr\u00e9dictifs pour am\u00e9liorer leurs performances.<\/p>\n\n\n\n<p><\/p>\n","protected":false},"excerpt":{"rendered":"<p>La veille technologique, qu&rsquo;est ce que c&rsquo;est ? La&nbsp;veille technologique&nbsp;se doit de pr\u00e9venir et alerter tout responsable d\u2019un changement, d\u2019une nouveaut\u00e9 ou d\u2019une&nbsp;innovation&nbsp;qu\u2019elle soit&nbsp;technique&nbsp;ou&nbsp;scientifique. D\u00e8s lors qu\u2019elle peut modifier le paysage ou faire perdre \/ gagner un&nbsp;avantage&nbsp;\u00e9conomique, la veille devient&nbsp;critique&nbsp;et &hellip;<\/p>\n<p class=\"read-more\"> <a class=\"more-link\" href=\"https:\/\/akresser.aristeecampus.org\/index.php\/veille-technologique\/theme-travailles\/\"> <span class=\"screen-reader-text\">Th\u00e8mes travaill\u00e9s<\/span> Read More &raquo;<\/a><\/p>\n","protected":false},"author":1,"featured_media":0,"parent":28,"menu_order":2,"comment_status":"closed","ping_status":"closed","template":"","meta":[],"yoast_head":"<!-- This site is optimized with the Yoast SEO plugin v20.10 - https:\/\/yoast.com\/wordpress\/plugins\/seo\/ -->\n<title>Th\u00e8mes travaill\u00e9s - Portfolio - Alexis Kresser<\/title>\n<meta name=\"robots\" content=\"index, follow, max-snippet:-1, max-image-preview:large, max-video-preview:-1\" \/>\n<link rel=\"canonical\" href=\"https:\/\/akresser.aristeecampus.org\/index.php\/veille-technologique\/theme-travailles\/\" \/>\n<meta property=\"og:locale\" content=\"fr_FR\" \/>\n<meta property=\"og:type\" content=\"article\" \/>\n<meta property=\"og:title\" content=\"Th\u00e8mes travaill\u00e9s - Portfolio - Alexis Kresser\" \/>\n<meta property=\"og:description\" content=\"La veille technologique, qu&rsquo;est ce que c&rsquo;est ? La&nbsp;veille technologique&nbsp;se doit de pr\u00e9venir et alerter tout responsable d\u2019un changement, d\u2019une nouveaut\u00e9 ou d\u2019une&nbsp;innovation&nbsp;qu\u2019elle soit&nbsp;technique&nbsp;ou&nbsp;scientifique. D\u00e8s lors qu\u2019elle peut modifier le paysage ou faire perdre \/ gagner un&nbsp;avantage&nbsp;\u00e9conomique, la veille devient&nbsp;critique&nbsp;et &hellip; Th\u00e8mes travaill\u00e9s Read More &raquo;\" \/>\n<meta property=\"og:url\" content=\"https:\/\/akresser.aristeecampus.org\/index.php\/veille-technologique\/theme-travailles\/\" \/>\n<meta property=\"og:site_name\" content=\"Portfolio - Alexis Kresser\" \/>\n<meta property=\"article:modified_time\" content=\"2024-04-15T08:03:24+00:00\" \/>\n<meta name=\"twitter:card\" content=\"summary_large_image\" \/>\n<meta name=\"twitter:label1\" content=\"Dur\u00e9e de lecture estim\u00e9e\" \/>\n\t<meta name=\"twitter:data1\" content=\"1 minute\" \/>\n<script type=\"application\/ld+json\" class=\"yoast-schema-graph\">{\"@context\":\"https:\/\/schema.org\",\"@graph\":[{\"@type\":\"WebPage\",\"@id\":\"https:\/\/akresser.aristeecampus.org\/index.php\/veille-technologique\/theme-travailles\/\",\"url\":\"https:\/\/akresser.aristeecampus.org\/index.php\/veille-technologique\/theme-travailles\/\",\"name\":\"Th\u00e8mes travaill\u00e9s - Portfolio - Alexis Kresser\",\"isPartOf\":{\"@id\":\"https:\/\/akresser.aristeecampus.org\/#website\"},\"datePublished\":\"2022-11-14T13:38:04+00:00\",\"dateModified\":\"2024-04-15T08:03:24+00:00\",\"breadcrumb\":{\"@id\":\"https:\/\/akresser.aristeecampus.org\/index.php\/veille-technologique\/theme-travailles\/#breadcrumb\"},\"inLanguage\":\"fr-FR\",\"potentialAction\":[{\"@type\":\"ReadAction\",\"target\":[\"https:\/\/akresser.aristeecampus.org\/index.php\/veille-technologique\/theme-travailles\/\"]}]},{\"@type\":\"BreadcrumbList\",\"@id\":\"https:\/\/akresser.aristeecampus.org\/index.php\/veille-technologique\/theme-travailles\/#breadcrumb\",\"itemListElement\":[{\"@type\":\"ListItem\",\"position\":1,\"name\":\"Accueil\",\"item\":\"https:\/\/akresser.aristeecampus.org\/\"},{\"@type\":\"ListItem\",\"position\":2,\"name\":\"Veille technologique\",\"item\":\"https:\/\/akresser.aristeecampus.org\/index.php\/veille-technologique\/\"},{\"@type\":\"ListItem\",\"position\":3,\"name\":\"Th\u00e8mes travaill\u00e9s\"}]},{\"@type\":\"WebSite\",\"@id\":\"https:\/\/akresser.aristeecampus.org\/#website\",\"url\":\"https:\/\/akresser.aristeecampus.org\/\",\"name\":\"Portfolio - Alexis Kresser\",\"description\":\"Un site qui r\u00e9sume mon BTS Sio \",\"potentialAction\":[{\"@type\":\"SearchAction\",\"target\":{\"@type\":\"EntryPoint\",\"urlTemplate\":\"https:\/\/akresser.aristeecampus.org\/?s={search_term_string}\"},\"query-input\":\"required name=search_term_string\"}],\"inLanguage\":\"fr-FR\"}]}<\/script>\n<!-- \/ Yoast SEO plugin. -->","yoast_head_json":{"title":"Th\u00e8mes travaill\u00e9s - Portfolio - Alexis Kresser","robots":{"index":"index","follow":"follow","max-snippet":"max-snippet:-1","max-image-preview":"max-image-preview:large","max-video-preview":"max-video-preview:-1"},"canonical":"https:\/\/akresser.aristeecampus.org\/index.php\/veille-technologique\/theme-travailles\/","og_locale":"fr_FR","og_type":"article","og_title":"Th\u00e8mes travaill\u00e9s - Portfolio - Alexis Kresser","og_description":"La veille technologique, qu&rsquo;est ce que c&rsquo;est ? La&nbsp;veille technologique&nbsp;se doit de pr\u00e9venir et alerter tout responsable d\u2019un changement, d\u2019une nouveaut\u00e9 ou d\u2019une&nbsp;innovation&nbsp;qu\u2019elle soit&nbsp;technique&nbsp;ou&nbsp;scientifique. D\u00e8s lors qu\u2019elle peut modifier le paysage ou faire perdre \/ gagner un&nbsp;avantage&nbsp;\u00e9conomique, la veille devient&nbsp;critique&nbsp;et &hellip; Th\u00e8mes travaill\u00e9s Read More &raquo;","og_url":"https:\/\/akresser.aristeecampus.org\/index.php\/veille-technologique\/theme-travailles\/","og_site_name":"Portfolio - Alexis Kresser","article_modified_time":"2024-04-15T08:03:24+00:00","twitter_card":"summary_large_image","twitter_misc":{"Dur\u00e9e de lecture estim\u00e9e":"1 minute"},"schema":{"@context":"https:\/\/schema.org","@graph":[{"@type":"WebPage","@id":"https:\/\/akresser.aristeecampus.org\/index.php\/veille-technologique\/theme-travailles\/","url":"https:\/\/akresser.aristeecampus.org\/index.php\/veille-technologique\/theme-travailles\/","name":"Th\u00e8mes travaill\u00e9s - Portfolio - Alexis Kresser","isPartOf":{"@id":"https:\/\/akresser.aristeecampus.org\/#website"},"datePublished":"2022-11-14T13:38:04+00:00","dateModified":"2024-04-15T08:03:24+00:00","breadcrumb":{"@id":"https:\/\/akresser.aristeecampus.org\/index.php\/veille-technologique\/theme-travailles\/#breadcrumb"},"inLanguage":"fr-FR","potentialAction":[{"@type":"ReadAction","target":["https:\/\/akresser.aristeecampus.org\/index.php\/veille-technologique\/theme-travailles\/"]}]},{"@type":"BreadcrumbList","@id":"https:\/\/akresser.aristeecampus.org\/index.php\/veille-technologique\/theme-travailles\/#breadcrumb","itemListElement":[{"@type":"ListItem","position":1,"name":"Accueil","item":"https:\/\/akresser.aristeecampus.org\/"},{"@type":"ListItem","position":2,"name":"Veille technologique","item":"https:\/\/akresser.aristeecampus.org\/index.php\/veille-technologique\/"},{"@type":"ListItem","position":3,"name":"Th\u00e8mes travaill\u00e9s"}]},{"@type":"WebSite","@id":"https:\/\/akresser.aristeecampus.org\/#website","url":"https:\/\/akresser.aristeecampus.org\/","name":"Portfolio - Alexis Kresser","description":"Un site qui r\u00e9sume mon BTS Sio ","potentialAction":[{"@type":"SearchAction","target":{"@type":"EntryPoint","urlTemplate":"https:\/\/akresser.aristeecampus.org\/?s={search_term_string}"},"query-input":"required name=search_term_string"}],"inLanguage":"fr-FR"}]}},"_links":{"self":[{"href":"https:\/\/akresser.aristeecampus.org\/index.php\/wp-json\/wp\/v2\/pages\/77"}],"collection":[{"href":"https:\/\/akresser.aristeecampus.org\/index.php\/wp-json\/wp\/v2\/pages"}],"about":[{"href":"https:\/\/akresser.aristeecampus.org\/index.php\/wp-json\/wp\/v2\/types\/page"}],"author":[{"embeddable":true,"href":"https:\/\/akresser.aristeecampus.org\/index.php\/wp-json\/wp\/v2\/users\/1"}],"replies":[{"embeddable":true,"href":"https:\/\/akresser.aristeecampus.org\/index.php\/wp-json\/wp\/v2\/comments?post=77"}],"version-history":[{"count":9,"href":"https:\/\/akresser.aristeecampus.org\/index.php\/wp-json\/wp\/v2\/pages\/77\/revisions"}],"predecessor-version":[{"id":652,"href":"https:\/\/akresser.aristeecampus.org\/index.php\/wp-json\/wp\/v2\/pages\/77\/revisions\/652"}],"up":[{"embeddable":true,"href":"https:\/\/akresser.aristeecampus.org\/index.php\/wp-json\/wp\/v2\/pages\/28"}],"wp:attachment":[{"href":"https:\/\/akresser.aristeecampus.org\/index.php\/wp-json\/wp\/v2\/media?parent=77"}],"curies":[{"name":"wp","href":"https:\/\/api.w.org\/{rel}","templated":true}]}}