{"id":87,"date":"2022-11-14T14:40:11","date_gmt":"2022-11-14T13:40:11","guid":{"rendered":"https:\/\/akresser.aristeecampus.org\/?page_id=87"},"modified":"2023-09-05T14:24:45","modified_gmt":"2023-09-05T12:24:45","slug":"mook-defi-et-enjeux-de-la-cybersecurite","status":"publish","type":"page","link":"https:\/\/akresser.aristeecampus.org\/index.php\/cybersecurite\/mook-defi-et-enjeux-de-la-cybersecurite\/","title":{"rendered":"Mook d\u00e9fi et enjeux de la cybers\u00e9curit\u00e9"},"content":{"rendered":"\n<div class=\"wp-block-file\"><object class=\"wp-block-file__embed\" data=\"https:\/\/akresser.aristeecampus.org\/wp-content\/uploads\/2023\/09\/certifiacation-enjeux-et-cybersecrurite.pdf\" type=\"application\/pdf\" style=\"width:100%;height:1034px\" aria-label=\"Contenu embarqu\u00e9 certifiacation enjeux et cybersecrurit\u00e9.\"><\/object><a id=\"wp-block-file--media-8b10951d-26fa-443b-9618-fd8b29c6a4e4\" href=\"https:\/\/akresser.aristeecampus.org\/wp-content\/uploads\/2023\/09\/certifiacation-enjeux-et-cybersecrurite.pdf\">certifiacation enjeux et cybersecrurit\u00e9<\/a><a href=\"https:\/\/akresser.aristeecampus.org\/wp-content\/uploads\/2023\/09\/certifiacation-enjeux-et-cybersecrurite.pdf\" class=\"wp-block-file__button wp-element-button\" download aria-describedby=\"wp-block-file--media-8b10951d-26fa-443b-9618-fd8b29c6a4e4\">T\u00e9l\u00e9charger<\/a><\/div>\n","protected":false},"excerpt":{"rendered":"","protected":false},"author":1,"featured_media":0,"parent":30,"menu_order":5,"comment_status":"closed","ping_status":"closed","template":"","meta":[],"yoast_head":"<!-- This site is optimized with the Yoast SEO plugin v20.10 - https:\/\/yoast.com\/wordpress\/plugins\/seo\/ -->\n<title>Mook d\u00e9fi et enjeux de la cybers\u00e9curit\u00e9 - Portfolio - Alexis Kresser<\/title>\n<meta name=\"robots\" content=\"index, follow, max-snippet:-1, max-image-preview:large, max-video-preview:-1\" \/>\n<link rel=\"canonical\" href=\"https:\/\/akresser.aristeecampus.org\/index.php\/cybersecurite\/mook-defi-et-enjeux-de-la-cybersecurite\/\" \/>\n<meta property=\"og:locale\" content=\"fr_FR\" \/>\n<meta property=\"og:type\" content=\"article\" \/>\n<meta property=\"og:title\" content=\"Mook d\u00e9fi et enjeux de la cybers\u00e9curit\u00e9 - Portfolio - Alexis Kresser\" \/>\n<meta property=\"og:url\" content=\"https:\/\/akresser.aristeecampus.org\/index.php\/cybersecurite\/mook-defi-et-enjeux-de-la-cybersecurite\/\" \/>\n<meta property=\"og:site_name\" content=\"Portfolio - Alexis Kresser\" \/>\n<meta property=\"article:modified_time\" content=\"2023-09-05T12:24:45+00:00\" \/>\n<meta name=\"twitter:card\" content=\"summary_large_image\" \/>\n<meta name=\"twitter:label1\" content=\"Dur\u00e9e de lecture estim\u00e9e\" \/>\n\t<meta name=\"twitter:data1\" content=\"1 minute\" \/>\n<script type=\"application\/ld+json\" class=\"yoast-schema-graph\">{\"@context\":\"https:\/\/schema.org\",\"@graph\":[{\"@type\":\"WebPage\",\"@id\":\"https:\/\/akresser.aristeecampus.org\/index.php\/cybersecurite\/mook-defi-et-enjeux-de-la-cybersecurite\/\",\"url\":\"https:\/\/akresser.aristeecampus.org\/index.php\/cybersecurite\/mook-defi-et-enjeux-de-la-cybersecurite\/\",\"name\":\"Mook d\u00e9fi et enjeux de la cybers\u00e9curit\u00e9 - Portfolio - Alexis Kresser\",\"isPartOf\":{\"@id\":\"https:\/\/akresser.aristeecampus.org\/#website\"},\"datePublished\":\"2022-11-14T13:40:11+00:00\",\"dateModified\":\"2023-09-05T12:24:45+00:00\",\"breadcrumb\":{\"@id\":\"https:\/\/akresser.aristeecampus.org\/index.php\/cybersecurite\/mook-defi-et-enjeux-de-la-cybersecurite\/#breadcrumb\"},\"inLanguage\":\"fr-FR\",\"potentialAction\":[{\"@type\":\"ReadAction\",\"target\":[\"https:\/\/akresser.aristeecampus.org\/index.php\/cybersecurite\/mook-defi-et-enjeux-de-la-cybersecurite\/\"]}]},{\"@type\":\"BreadcrumbList\",\"@id\":\"https:\/\/akresser.aristeecampus.org\/index.php\/cybersecurite\/mook-defi-et-enjeux-de-la-cybersecurite\/#breadcrumb\",\"itemListElement\":[{\"@type\":\"ListItem\",\"position\":1,\"name\":\"Accueil\",\"item\":\"https:\/\/akresser.aristeecampus.org\/\"},{\"@type\":\"ListItem\",\"position\":2,\"name\":\"Cybers\u00e9curit\u00e9\",\"item\":\"https:\/\/akresser.aristeecampus.org\/index.php\/cybersecurite\/\"},{\"@type\":\"ListItem\",\"position\":3,\"name\":\"Mook d\u00e9fi et enjeux de la cybers\u00e9curit\u00e9\"}]},{\"@type\":\"WebSite\",\"@id\":\"https:\/\/akresser.aristeecampus.org\/#website\",\"url\":\"https:\/\/akresser.aristeecampus.org\/\",\"name\":\"Portfolio - Alexis Kresser\",\"description\":\"Un site qui r\u00e9sume mon BTS Sio \",\"potentialAction\":[{\"@type\":\"SearchAction\",\"target\":{\"@type\":\"EntryPoint\",\"urlTemplate\":\"https:\/\/akresser.aristeecampus.org\/?s={search_term_string}\"},\"query-input\":\"required name=search_term_string\"}],\"inLanguage\":\"fr-FR\"}]}<\/script>\n<!-- \/ Yoast SEO plugin. -->","yoast_head_json":{"title":"Mook d\u00e9fi et enjeux de la cybers\u00e9curit\u00e9 - Portfolio - Alexis Kresser","robots":{"index":"index","follow":"follow","max-snippet":"max-snippet:-1","max-image-preview":"max-image-preview:large","max-video-preview":"max-video-preview:-1"},"canonical":"https:\/\/akresser.aristeecampus.org\/index.php\/cybersecurite\/mook-defi-et-enjeux-de-la-cybersecurite\/","og_locale":"fr_FR","og_type":"article","og_title":"Mook d\u00e9fi et enjeux de la cybers\u00e9curit\u00e9 - Portfolio - Alexis Kresser","og_url":"https:\/\/akresser.aristeecampus.org\/index.php\/cybersecurite\/mook-defi-et-enjeux-de-la-cybersecurite\/","og_site_name":"Portfolio - Alexis Kresser","article_modified_time":"2023-09-05T12:24:45+00:00","twitter_card":"summary_large_image","twitter_misc":{"Dur\u00e9e de lecture estim\u00e9e":"1 minute"},"schema":{"@context":"https:\/\/schema.org","@graph":[{"@type":"WebPage","@id":"https:\/\/akresser.aristeecampus.org\/index.php\/cybersecurite\/mook-defi-et-enjeux-de-la-cybersecurite\/","url":"https:\/\/akresser.aristeecampus.org\/index.php\/cybersecurite\/mook-defi-et-enjeux-de-la-cybersecurite\/","name":"Mook d\u00e9fi et enjeux de la cybers\u00e9curit\u00e9 - Portfolio - Alexis Kresser","isPartOf":{"@id":"https:\/\/akresser.aristeecampus.org\/#website"},"datePublished":"2022-11-14T13:40:11+00:00","dateModified":"2023-09-05T12:24:45+00:00","breadcrumb":{"@id":"https:\/\/akresser.aristeecampus.org\/index.php\/cybersecurite\/mook-defi-et-enjeux-de-la-cybersecurite\/#breadcrumb"},"inLanguage":"fr-FR","potentialAction":[{"@type":"ReadAction","target":["https:\/\/akresser.aristeecampus.org\/index.php\/cybersecurite\/mook-defi-et-enjeux-de-la-cybersecurite\/"]}]},{"@type":"BreadcrumbList","@id":"https:\/\/akresser.aristeecampus.org\/index.php\/cybersecurite\/mook-defi-et-enjeux-de-la-cybersecurite\/#breadcrumb","itemListElement":[{"@type":"ListItem","position":1,"name":"Accueil","item":"https:\/\/akresser.aristeecampus.org\/"},{"@type":"ListItem","position":2,"name":"Cybers\u00e9curit\u00e9","item":"https:\/\/akresser.aristeecampus.org\/index.php\/cybersecurite\/"},{"@type":"ListItem","position":3,"name":"Mook d\u00e9fi et enjeux de la cybers\u00e9curit\u00e9"}]},{"@type":"WebSite","@id":"https:\/\/akresser.aristeecampus.org\/#website","url":"https:\/\/akresser.aristeecampus.org\/","name":"Portfolio - Alexis Kresser","description":"Un site qui r\u00e9sume mon BTS Sio ","potentialAction":[{"@type":"SearchAction","target":{"@type":"EntryPoint","urlTemplate":"https:\/\/akresser.aristeecampus.org\/?s={search_term_string}"},"query-input":"required name=search_term_string"}],"inLanguage":"fr-FR"}]}},"_links":{"self":[{"href":"https:\/\/akresser.aristeecampus.org\/index.php\/wp-json\/wp\/v2\/pages\/87"}],"collection":[{"href":"https:\/\/akresser.aristeecampus.org\/index.php\/wp-json\/wp\/v2\/pages"}],"about":[{"href":"https:\/\/akresser.aristeecampus.org\/index.php\/wp-json\/wp\/v2\/types\/page"}],"author":[{"embeddable":true,"href":"https:\/\/akresser.aristeecampus.org\/index.php\/wp-json\/wp\/v2\/users\/1"}],"replies":[{"embeddable":true,"href":"https:\/\/akresser.aristeecampus.org\/index.php\/wp-json\/wp\/v2\/comments?post=87"}],"version-history":[{"count":3,"href":"https:\/\/akresser.aristeecampus.org\/index.php\/wp-json\/wp\/v2\/pages\/87\/revisions"}],"predecessor-version":[{"id":531,"href":"https:\/\/akresser.aristeecampus.org\/index.php\/wp-json\/wp\/v2\/pages\/87\/revisions\/531"}],"up":[{"embeddable":true,"href":"https:\/\/akresser.aristeecampus.org\/index.php\/wp-json\/wp\/v2\/pages\/30"}],"wp:attachment":[{"href":"https:\/\/akresser.aristeecampus.org\/index.php\/wp-json\/wp\/v2\/media?parent=87"}],"curies":[{"name":"wp","href":"https:\/\/api.w.org\/{rel}","templated":true}]}}